{"id":4333,"date":"2021-03-10T12:25:02","date_gmt":"2021-03-10T11:25:02","guid":{"rendered":"https:\/\/ingeneric.com\/?page_id=4333"},"modified":"2024-07-02T15:42:13","modified_gmt":"2024-07-02T13:42:13","slug":"werkzeugbau","status":"publish","type":"page","link":"https:\/\/ingeneric.com\/de\/produkte\/werkzeugbau\/","title":{"rendered":"Werkzeugbau"},"content":{"rendered":"<h3>Werkzeugbau-Komponenten<\/h3>\r\n<p>Das isotherme Pr\u00e4zisionsblankpressen ist inzwischen eine ausgereifte Produktionstechnologie f\u00fcr die Fertigung komplexer optischer Komponenten &#8211; insbesondere f\u00fcr Anwendungen mit hoher St\u00fcckzahl. Das Verfahren wird bereits weltweit von zahlreichen Unternehmen zur Herstellung anspruchsvoller Optiken mit besonderen Merkmalen und Eigenschaften eingesetzt. Die Prozesskette f\u00fcr das Pr\u00e4zisionsblankpressen stellt eine Herausforderung dar &#8211; insbesondere die Verwendung hochpr\u00e4ziser Werkzeugsysteme, die Temperaturen von bis zu 800\u00b0 C standhalten m\u00fcssen.<br class=\"\u201cclear\u201c\" \/><br class=\"\u201cclear\u201c\" \/><\/p>\r\n\r\n<div class=\"wp-block-image\">\r\n<figure class=\"alignleft\"><a href=\"https:\/\/ingeneric.com\/wp-content\/uploads\/2024\/06\/aixtooling_56011_WEB.jpg\"><img loading=\"lazy\" decoding=\"async\" class=\"alignleft wp-image-5942 size-medium\" src=\"https:\/\/ingeneric.com\/wp-content\/uploads\/2024\/06\/aixtooling_56011_WEB-250x167.jpg\" alt=\"\" width=\"250\" height=\"167\" srcset=\"https:\/\/ingeneric.com\/wp-content\/uploads\/2024\/06\/aixtooling_56011_WEB-250x167.jpg 250w, https:\/\/ingeneric.com\/wp-content\/uploads\/2024\/06\/aixtooling_56011_WEB-700x467.jpg 700w, https:\/\/ingeneric.com\/wp-content\/uploads\/2024\/06\/aixtooling_56011_WEB-768x512.jpg 768w, https:\/\/ingeneric.com\/wp-content\/uploads\/2024\/06\/aixtooling_56011_WEB-1536x1024.jpg 1536w, https:\/\/ingeneric.com\/wp-content\/uploads\/2024\/06\/aixtooling_56011_WEB-120x80.jpg 120w, https:\/\/ingeneric.com\/wp-content\/uploads\/2024\/06\/aixtooling_56011_WEB.jpg 1920w\" sizes=\"auto, (max-width: 250px) 100vw, 250px\" \/><\/a><\/figure>\r\n<\/div>\r\n<p>Durch die Fusion mit der AIXTOOLING GmbH im Jahr 2019 kann INGENERIC nun auf langj\u00e4hrige Erfahrung, Know-How und geeignete Produktionsressourcen im Bereich der Werkzeugs\u00e4tze und Werkzeugsysteme zugreifen. Experten f\u00fcr Werkzeug-Design und -Herstellung sowie f\u00fcr Entwicklung, Qualifizierung und Prototypenfertigung stehen f\u00fcr Ihre spezifische Aufgabe zur Verf\u00fcgung. Dar\u00fcber hinaus verf\u00fcgt INGENERIC \u00fcber langj\u00e4hrige Erfahrung in der Ultrapr\u00e4zisionsbearbeitung von harten, spr\u00f6den Materialien, die f\u00fcr die relevanten Werkzeugkomponenten \u00fcblicherweise genutzt werden. INGENERIC ist in der Lage, komplexe optische Formoberfl\u00e4chen mit Genauigkeiten im tiefen Submikrometerbereich zu bearbeiten. Diese Oberfl\u00e4chen werden fehlerfrei bearbeitet, um die Qualit\u00e4t mit Rauheitswerten von bis zu 1 nm Ra zu erreichen. <br class=\"\u201cclear\u201c\" \/><br class=\"\u201cclear\u201c\" \/>Basierend auf dieser Kompetenz kann INGENERIC blankgepresste Optiken mit h\u00f6chster Genauigkeit, geometrischer Flexibilit\u00e4t und Reproduzierbarkeit anbieten. Dar\u00fcber hinaus liefert INGENERIC Werkzeugeins\u00e4tze (PVD-beschichtet\/ unbeschichtet) in optischer Qualit\u00e4t, aber auch gesamte Werkzeuge, K\u00fchlplatten, F\u00fchrungsstifte, Schrauben, Bolzen, Distanzscheiben und andere Komponente f\u00fcr den Werkzeugbau. Alle Teile sind f\u00fcr den Einsatz in isothermen Pressmaschinen vorgesehen. <br class=\"\u201cclear\u201c\" \/><br class=\"\u201cclear\u201c\" \/>Bitte z\u00f6gern Sie nicht, unser <a href=\"mailto:contact@ingeneric.com\">Vertriebsteam zu kontaktieren<\/a>, wenn Sie mehr \u00fcber unseren Werkzeugbau erfahren m\u00f6chten.<\/p>","protected":false},"excerpt":{"rendered":"Werkzeugbau-Komponenten Das isotherme Pr\u00e4zisionsblankpressen ist inzwischen eine ausgereifte Produktionstechnologie f\u00fcr die Fertigung komplexer optischer Komponenten &#8211; insbesondere f\u00fcr Anwendungen mit hoher St\u00fcckzahl. Das Verfahren wird bereits weltweit von zahlreichen Unternehmen zur Herstellung anspruchsvoller Optiken mit besonderen Merkmalen und Eigenschaften eingesetzt. Die Prozesskette f\u00fcr das Pr\u00e4zisionsblankpressen stellt eine Herausforderung dar &#8211; insbesondere die Verwendung hochpr\u00e4ziser Werkzeugsysteme, [&hellip;]","protected":false},"author":4,"featured_media":5912,"parent":1405,"menu_order":3,"comment_status":"closed","ping_status":"closed","template":"templates\/Produktseite.php","meta":{"_acf_changed":false,"footnotes":""},"class_list":["post-4333","page","type-page","status-publish","has-post-thumbnail","hentry"],"acf":[],"_links":{"self":[{"href":"https:\/\/ingeneric.com\/de\/wp-json\/wp\/v2\/pages\/4333","targetHints":{"allow":["GET"]}}],"collection":[{"href":"https:\/\/ingeneric.com\/de\/wp-json\/wp\/v2\/pages"}],"about":[{"href":"https:\/\/ingeneric.com\/de\/wp-json\/wp\/v2\/types\/page"}],"author":[{"embeddable":true,"href":"https:\/\/ingeneric.com\/de\/wp-json\/wp\/v2\/users\/4"}],"replies":[{"embeddable":true,"href":"https:\/\/ingeneric.com\/de\/wp-json\/wp\/v2\/comments?post=4333"}],"version-history":[{"count":13,"href":"https:\/\/ingeneric.com\/de\/wp-json\/wp\/v2\/pages\/4333\/revisions"}],"predecessor-version":[{"id":5944,"href":"https:\/\/ingeneric.com\/de\/wp-json\/wp\/v2\/pages\/4333\/revisions\/5944"}],"up":[{"embeddable":true,"href":"https:\/\/ingeneric.com\/de\/wp-json\/wp\/v2\/pages\/1405"}],"wp:featuredmedia":[{"embeddable":true,"href":"https:\/\/ingeneric.com\/de\/wp-json\/wp\/v2\/media\/5912"}],"wp:attachment":[{"href":"https:\/\/ingeneric.com\/de\/wp-json\/wp\/v2\/media?parent=4333"}],"curies":[{"name":"wp","href":"https:\/\/api.w.org\/{rel}","templated":true}]}}