{"id":4276,"date":"2021-03-03T10:50:22","date_gmt":"2021-03-03T09:50:22","guid":{"rendered":"https:\/\/ingeneric.com\/?page_id=4276"},"modified":"2021-11-05T11:24:44","modified_gmt":"2021-11-05T10:24:44","slug":"team","status":"publish","type":"page","link":"https:\/\/ingeneric.com\/de\/team\/","title":{"rendered":"Team und Management"},"content":{"rendered":"<h3>Unser Team<\/h3>\n<p>Nicht nur unsere Technologien bieten die erw\u00e4hnte Flexibilit\u00e4t, insbesondere auch unser Team aus Experten erg\u00e4nzt die Technologieplattform mit Erfahrung und Fachwissen &#8211; nicht nur im Bereich unserer Fertigungstechnologien sondern auch in den wichtigsten Bereichen des optischen Designs, des Maschinenbaus und der Elektrotechnik.<br \/>\nIn enger Zusammenarbeit entwickeln wir Ihr Projekt in allen Entwicklungsphasen, f\u00fchren es zur Serienreife und begleiten Sie durch die Serie.<\/p>\n<p><br class=\"\u201cclear\u201c\" \/><br class=\"\u201cclear\u201c\" \/>Dies gilt sowohl f\u00fcr das kundenspezifische Design und die Herstellung von optischen Komponenten als auch f\u00fcr optische Systeme. Basierend auf unserem Know-how und in Zusammenarbeit mit starken Partnern entwickeln wir gebrauchsfertige Lasersysteme weiter und integrieren sie. Unsere Kunden profitieren von einem anwendungsspezifischen Design, pr\u00e4zisen Strahlprofilen, hohen Spitzenleistungen und kurzen Integrationszeiten, da die Implementierung auf bereits vorhandenen Produktplattformen erfolgt.<\/p>\n<ul>\n<li>Unsere Fachgebiete<\/li>\n<li>Optik- und Systemdesign <a href=\"https:\/\/ingeneric.com\/wp-content\/uploads\/2020\/11\/2008_ingeneric-7759.jpg\"><img loading=\"lazy\" decoding=\"async\" width=\"250\" height=\"167\" class=\"alignright size-medium wp-image-3903\" src=\"https:\/\/ingeneric.com\/wp-content\/uploads\/2020\/11\/2008_ingeneric-7759-250x167.jpg\" alt=\"\" srcset=\"https:\/\/ingeneric.com\/wp-content\/uploads\/2020\/11\/2008_ingeneric-7759-250x167.jpg 250w, https:\/\/ingeneric.com\/wp-content\/uploads\/2020\/11\/2008_ingeneric-7759-768x512.jpg 768w, https:\/\/ingeneric.com\/wp-content\/uploads\/2020\/11\/2008_ingeneric-7759-700x467.jpg 700w, https:\/\/ingeneric.com\/wp-content\/uploads\/2020\/11\/2008_ingeneric-7759-120x80.jpg 120w\" sizes=\"auto, (max-width: 250px) 100vw, 250px\" \/><\/a><\/li>\n<li>Betrieb eines breiten Technologieportfolios<\/li>\n<li>Verarbeitung verschiedener Materialien und flexibler Geometrien<\/li>\n<li>Prototypen- und Kleinserienfertigung<\/li>\n<li>reproduzierbare Massenproduktion<\/li>\n<li>hochpr\u00e4zise Montage von optischen Modulen und Systemen<\/li>\n<li>optisches, mechanisches und elektrisches Design sowie Integration von Lasersystemen<\/li>\n<\/ul>\n<h3>Management<\/h3>\n<p>Nach der Fusion mit Aixtooling setzt sich der Erfolg des Unternehmens fort, da die bew\u00e4hrte F\u00fchrungsebene von INGENERIC noch durch weitere F\u00fchrungskr\u00e4fte verst\u00e4rkt wurde. Das neue Management-Team vertritt die Interessen des Unternehmens und gibt die strategische Ausrichtung vor. Ein integrativer F\u00fchrungsstil gew\u00e4hrleistet die Einbeziehung der Personalkompetenzen.<br \/>\nDas gesamte Management-Team ist verantwortlich f\u00fcr die Weiterentwicklung des Unternehmens und setzt dabei auf Transparenz, Ermutigung zur Entscheidungsfindung sowie Anpassungsf\u00e4higkeit an sich immer wieder \u00e4ndernde Marktanforderungen.<\/p>\n","protected":false},"excerpt":{"rendered":"Unser Team Nicht nur unsere Technologien bieten die erw\u00e4hnte Flexibilit\u00e4t, insbesondere auch unser Team aus Experten erg\u00e4nzt die Technologieplattform mit Erfahrung und Fachwissen &#8211; nicht nur im Bereich unserer Fertigungstechnologien sondern auch in den wichtigsten Bereichen des optischen Designs, des Maschinenbaus und der Elektrotechnik. In enger Zusammenarbeit entwickeln wir Ihr Projekt in allen Entwicklungsphasen, f\u00fchren [&hellip;]","protected":false},"author":4,"featured_media":3009,"parent":0,"menu_order":0,"comment_status":"closed","ping_status":"closed","template":"","meta":{"_acf_changed":false,"footnotes":""},"class_list":["post-4276","page","type-page","status-publish","has-post-thumbnail","hentry"],"acf":[],"_links":{"self":[{"href":"https:\/\/ingeneric.com\/de\/wp-json\/wp\/v2\/pages\/4276","targetHints":{"allow":["GET"]}}],"collection":[{"href":"https:\/\/ingeneric.com\/de\/wp-json\/wp\/v2\/pages"}],"about":[{"href":"https:\/\/ingeneric.com\/de\/wp-json\/wp\/v2\/types\/page"}],"author":[{"embeddable":true,"href":"https:\/\/ingeneric.com\/de\/wp-json\/wp\/v2\/users\/4"}],"replies":[{"embeddable":true,"href":"https:\/\/ingeneric.com\/de\/wp-json\/wp\/v2\/comments?post=4276"}],"version-history":[{"count":5,"href":"https:\/\/ingeneric.com\/de\/wp-json\/wp\/v2\/pages\/4276\/revisions"}],"predecessor-version":[{"id":4881,"href":"https:\/\/ingeneric.com\/de\/wp-json\/wp\/v2\/pages\/4276\/revisions\/4881"}],"wp:featuredmedia":[{"embeddable":true,"href":"https:\/\/ingeneric.com\/de\/wp-json\/wp\/v2\/media\/3009"}],"wp:attachment":[{"href":"https:\/\/ingeneric.com\/de\/wp-json\/wp\/v2\/media?parent=4276"}],"curies":[{"name":"wp","href":"https:\/\/api.w.org\/{rel}","templated":true}]}}