{"id":4220,"date":"2021-02-18T11:42:40","date_gmt":"2021-02-18T10:42:40","guid":{"rendered":"https:\/\/ingeneric.com\/?page_id=4220"},"modified":"2024-06-25T13:49:18","modified_gmt":"2024-06-25T11:49:18","slug":"expertise-technologie","status":"publish","type":"page","link":"https:\/\/ingeneric.com\/de\/unternehmen\/expertise-technologie\/","title":{"rendered":"Expertise und Technologie"},"content":{"rendered":"<h3>Pr\u00e4zision und Vielseitigkeit durch hochwertige Ausstattung und langj\u00e4hrige Erfahrung<\/h3>\n<p>INGENERIC ist nicht nur ein etablierter Anbieter von hochpr\u00e4zisen Mikrooptiken und optischen Systemen f\u00fcr eine Vielzahl von Anwendungen sondern auch f\u00fchrender Hersteller im Werkzeugbau f\u00fcr das Pr\u00e4zisionsblankpressen von Glasoptiken.<\/p>\n<p><br class=\"\u201cclear\u201c\" \/><br class=\"\u201cclear\u201c\" \/><a href=\"https:\/\/ingeneric.com\/wp-content\/uploads\/2024\/06\/2008_ingeneric-7867_WEB.jpg\"><img loading=\"lazy\" decoding=\"async\" class=\"alignleft wp-image-5945\" src=\"https:\/\/ingeneric.com\/wp-content\/uploads\/2024\/06\/2008_ingeneric-7867_WEB.jpg\" alt=\"\" width=\"300\" height=\"200\" srcset=\"https:\/\/ingeneric.com\/wp-content\/uploads\/2024\/06\/2008_ingeneric-7867_WEB.jpg 1920w, https:\/\/ingeneric.com\/wp-content\/uploads\/2024\/06\/2008_ingeneric-7867_WEB-250x167.jpg 250w, https:\/\/ingeneric.com\/wp-content\/uploads\/2024\/06\/2008_ingeneric-7867_WEB-700x467.jpg 700w, https:\/\/ingeneric.com\/wp-content\/uploads\/2024\/06\/2008_ingeneric-7867_WEB-768x512.jpg 768w, https:\/\/ingeneric.com\/wp-content\/uploads\/2024\/06\/2008_ingeneric-7867_WEB-1536x1024.jpg 1536w, https:\/\/ingeneric.com\/wp-content\/uploads\/2024\/06\/2008_ingeneric-7867_WEB-120x80.jpg 120w\" sizes=\"auto, (max-width: 300px) 100vw, 300px\" \/><\/a><br \/>\nDas neu errichtete Firmengeb\u00e4ude mit seinen deutlich erweiterten Kapazit\u00e4ten und M\u00f6glichkeiten, das an einen neuen Produktionsstandort in Baesweiler (rund 20 km n\u00f6rdlich von Aachen) verlegt wurde, erm\u00f6glicht auf einer Fl\u00e4che von \u00fcber 10.000 m\u00b2 weiteres Wachstum. Die moderne Produktionshalle umfasst eine Bruttofl\u00e4che von rund 2.700 m\u00b2. Die Halle bietet rund 800 m\u00b2 Reinraum (Klasse 6\/8) f\u00fcr die Herstellung und Veredelung optischer Komponenten und die Montage optischer Module sowie rund 600 m\u00b2 klimatisierte Produktionsfl\u00e4chen f\u00fcr die hochpr\u00e4zise Bearbeitung. Die empfindlichen Produktionsprozesse erfordern eine Umgebung, in der die Temperatur auf +\/- 0,5 \u00b0 C geregelt wird.<\/p>\n<p><br class=\"\u201cclear\u201c\" \/><br class=\"\u201cclear\u201c\" \/>Mit seiner aktuellen Infrastruktur erf\u00fcllt der neue Hauptsitz genau die Anforderungen der effizienten Produktion hochpr\u00e4ziser Optiken. Die Mikrooptik gilt als eine der wichtigsten Schrittmachertechnologien des 21. Jahrhunderts mit betr\u00e4chtlichen Wachstumsraten und ist heute ein wesentlicher Bestandteil vieler Produkte &#8211; wann immer Licht geformt, fokussiert, kollimiert oder ausgerichtet werden muss. In vielen F\u00e4llen erfordern mobile Anwendungen, einschlie\u00dflich der Miniaturisierung von Produkten, hochkomplexe optische Oberfl\u00e4chen, die in optischen Systemen Platz und Gewicht sparen k\u00f6nnen.<a href=\"https:\/\/ingeneric.com\/wp-content\/uploads\/2024\/06\/2008_ingeneric-7798_WEB.jpg\"><img loading=\"lazy\" decoding=\"async\" class=\"wp-image-5932 size-medium alignright\" src=\"https:\/\/ingeneric.com\/wp-content\/uploads\/2024\/06\/2008_ingeneric-7798_WEB-250x167.jpg\" alt=\"\" width=\"250\" height=\"167\" srcset=\"https:\/\/ingeneric.com\/wp-content\/uploads\/2024\/06\/2008_ingeneric-7798_WEB-250x167.jpg 250w, https:\/\/ingeneric.com\/wp-content\/uploads\/2024\/06\/2008_ingeneric-7798_WEB-700x467.jpg 700w, https:\/\/ingeneric.com\/wp-content\/uploads\/2024\/06\/2008_ingeneric-7798_WEB-768x512.jpg 768w, https:\/\/ingeneric.com\/wp-content\/uploads\/2024\/06\/2008_ingeneric-7798_WEB-1536x1024.jpg 1536w, https:\/\/ingeneric.com\/wp-content\/uploads\/2024\/06\/2008_ingeneric-7798_WEB-120x80.jpg 120w, https:\/\/ingeneric.com\/wp-content\/uploads\/2024\/06\/2008_ingeneric-7798_WEB.jpg 1920w\" sizes=\"auto, (max-width: 250px) 100vw, 250px\" \/><\/a><\/p>\n<p><br class=\"\u201cclear\u201c\" \/><br class=\"\u201cclear\u201c\" \/>Das Pr\u00e4zisionsblankpressen, die Replikation einer hochpr\u00e4zisen Werkzeugoberfl\u00e4che durch isothermisches Abformen von Glas, bietet eine wirtschaftliche Produktionsoption in modernen High-Tech-Anwendungen. Die bei INGENERIC entwickelte Technologieplattform, bestehend aus Hei\u00dfformgebung, Veredelung und bei Bedarf automatisierter Montage mikrooptischer Komponenten, bedient Anwendungsbereiche, die ebenfalls extrem hohe Pr\u00e4zision erfordern.<br \/>\n<br class=\"\u201cclear\u201c\" \/><br class=\"\u201cclear\u201c\" \/>Die Basis f\u00fcr ein Optikzentrum, das fest in der Technologieregion Aachen mit seinen renommierten Universit\u00e4ts- und Forschungszentren verankert ist, wurde bereits 2001 als wissenschaftliche Expertise in Kombination mit industrieller Praxis geschaffen.<\/p>\n","protected":false},"excerpt":{"rendered":"Pr\u00e4zision und Vielseitigkeit durch hochwertige Ausstattung und langj\u00e4hrige Erfahrung INGENERIC ist nicht nur ein etablierter Anbieter von hochpr\u00e4zisen Mikrooptiken und optischen Systemen f\u00fcr eine Vielzahl von Anwendungen sondern auch f\u00fchrender Hersteller im Werkzeugbau f\u00fcr das Pr\u00e4zisionsblankpressen von Glasoptiken. Das neu errichtete Firmengeb\u00e4ude mit seinen deutlich erweiterten Kapazit\u00e4ten und M\u00f6glichkeiten, das an einen neuen Produktionsstandort in [&hellip;]","protected":false},"author":4,"featured_media":4137,"parent":1205,"menu_order":0,"comment_status":"closed","ping_status":"closed","template":"","meta":{"_acf_changed":false,"footnotes":""},"class_list":["post-4220","page","type-page","status-publish","has-post-thumbnail","hentry"],"acf":[],"_links":{"self":[{"href":"https:\/\/ingeneric.com\/de\/wp-json\/wp\/v2\/pages\/4220","targetHints":{"allow":["GET"]}}],"collection":[{"href":"https:\/\/ingeneric.com\/de\/wp-json\/wp\/v2\/pages"}],"about":[{"href":"https:\/\/ingeneric.com\/de\/wp-json\/wp\/v2\/types\/page"}],"author":[{"embeddable":true,"href":"https:\/\/ingeneric.com\/de\/wp-json\/wp\/v2\/users\/4"}],"replies":[{"embeddable":true,"href":"https:\/\/ingeneric.com\/de\/wp-json\/wp\/v2\/comments?post=4220"}],"version-history":[{"count":13,"href":"https:\/\/ingeneric.com\/de\/wp-json\/wp\/v2\/pages\/4220\/revisions"}],"predecessor-version":[{"id":5947,"href":"https:\/\/ingeneric.com\/de\/wp-json\/wp\/v2\/pages\/4220\/revisions\/5947"}],"up":[{"embeddable":true,"href":"https:\/\/ingeneric.com\/de\/wp-json\/wp\/v2\/pages\/1205"}],"wp:featuredmedia":[{"embeddable":true,"href":"https:\/\/ingeneric.com\/de\/wp-json\/wp\/v2\/media\/4137"}],"wp:attachment":[{"href":"https:\/\/ingeneric.com\/de\/wp-json\/wp\/v2\/media?parent=4220"}],"curies":[{"name":"wp","href":"https:\/\/api.w.org\/{rel}","templated":true}]}}