{"id":4110,"date":"2021-03-03T12:54:16","date_gmt":"2021-03-03T11:54:16","guid":{"rendered":"https:\/\/ingeneric.com\/?page_id=4110"},"modified":"2024-06-26T14:40:19","modified_gmt":"2024-06-26T12:40:19","slug":"asphaeren-sphaeren","status":"publish","type":"page","link":"https:\/\/ingeneric.com\/de\/optik-komponenten\/asphaeren-sphaeren\/","title":{"rendered":"Asph\u00e4ren \/ Sph\u00e4ren"},"content":{"rendered":"<h3>Hoch-Pr\u00e4zisions-Asph\u00e4ren und Sph\u00e4ren<\/h3>\n<p>Die Verwendung von Asph\u00e4ren bietet weitreichende Vorteile: Minimierung von Aberrationen, erh\u00f6hte Effizienz und eine Verringerung der optischen Elemente und des Gewichts der optischen Systeme. Heutzutage werden die gepressten Asph\u00e4ren von INGENERIC in den unterschiedlichsten Bildgebungsanwendungen eingesetzt. Die Nachfrage nach diesen hoch entwickelten Produkten steigt in wachsenden M\u00e4rkten wie etwa der Medizintechnik (Endoskopie, Augenheilkunde), Sensortechnologie, sowie der Automobilindustrie zunehmend.<br class=\"\u201cclear\u201c\" \/><br class=\"\u201cclear\u201c\" \/><\/p>\n<p><a href=\"https:\/\/ingeneric.com\/wp-content\/uploads\/2024\/06\/JB86942-scaled_WEB.jpg\"><img loading=\"lazy\" decoding=\"async\" class=\"alignleft wp-image-5978 size-medium\" src=\"https:\/\/ingeneric.com\/wp-content\/uploads\/2024\/06\/JB86942-scaled_WEB-250x167.jpg\" alt=\"\" width=\"250\" height=\"167\" srcset=\"https:\/\/ingeneric.com\/wp-content\/uploads\/2024\/06\/JB86942-scaled_WEB-250x167.jpg 250w, https:\/\/ingeneric.com\/wp-content\/uploads\/2024\/06\/JB86942-scaled_WEB-700x467.jpg 700w, https:\/\/ingeneric.com\/wp-content\/uploads\/2024\/06\/JB86942-scaled_WEB-768x512.jpg 768w, https:\/\/ingeneric.com\/wp-content\/uploads\/2024\/06\/JB86942-scaled_WEB-1536x1024.jpg 1536w, https:\/\/ingeneric.com\/wp-content\/uploads\/2024\/06\/JB86942-scaled_WEB-120x80.jpg 120w, https:\/\/ingeneric.com\/wp-content\/uploads\/2024\/06\/JB86942-scaled_WEB.jpg 1920w\" sizes=\"auto, (max-width: 250px) 100vw, 250px\" \/><\/a>INGENERIC kombiniert mit seiner einzigartigen Presstechnik Kosteneffizienz mit h\u00f6chster Serienpr\u00e4zision. Gepresste Glasoptiken k\u00f6nnen ein- oder beidseitig mit einem hohen Ma\u00df an geometrischer Freiheit und einer anpassbaren Seitenkontur strukturiert\/gekr\u00fcmmt werden. Die lateralen Abmessungen der Asph\u00e4ren von INGENERIC reichen von 1,5 mm bis 40,0 mm. Strukturen im Submillimeterbereich sind realisierbar. Asph\u00e4rische optische Oberfl\u00e4chen k\u00f6nnen konkav oder konvex sein, mit steilen Winkeln und numerischen Aperturen von bis zu 0,8.<br \/>\n<br class=\"\u201cclear\u201c\" \/><br class=\"\u201cclear\u201c\" \/><\/p>\n<p><a href=\"https:\/\/ingeneric.com\/wp-content\/uploads\/2024\/06\/JB86981-scaled-e1610636623589-768x545_WEB.jpg\"><img loading=\"lazy\" decoding=\"async\" class=\"alignnone wp-image-5918 size-medium\" src=\"https:\/\/ingeneric.com\/wp-content\/uploads\/2024\/06\/JB86981-scaled-e1610636623589-768x545_WEB-250x177.jpg\" alt=\"\" width=\"250\" height=\"177\" srcset=\"https:\/\/ingeneric.com\/wp-content\/uploads\/2024\/06\/JB86981-scaled-e1610636623589-768x545_WEB-250x177.jpg 250w, https:\/\/ingeneric.com\/wp-content\/uploads\/2024\/06\/JB86981-scaled-e1610636623589-768x545_WEB-700x497.jpg 700w, https:\/\/ingeneric.com\/wp-content\/uploads\/2024\/06\/JB86981-scaled-e1610636623589-768x545_WEB-120x85.jpg 120w, https:\/\/ingeneric.com\/wp-content\/uploads\/2024\/06\/JB86981-scaled-e1610636623589-768x545_WEB.jpg 768w\" sizes=\"auto, (max-width: 250px) 100vw, 250px\" \/><\/a>Asph\u00e4ren von INGENERIC k\u00f6nnen zu ihrer endg\u00fcltigen runden Pr\u00e4zisionsform gepresst werden und sind beinahe ohne Nachbearbeitung f\u00fcr den Montageprozess einsatzbereit. Dies umfasst sowohl optische Oberfl\u00e4chen als auch Montagefl\u00e4chen wie einen genauen Au\u00dfendurchmesser. Nachbearbeitungsschritte wie das Mitten-Schleifen k\u00f6nnen angewendet werden, falls bestimmte Merkmale erforderlich sind.<br \/>\n<br class=\"\u201cclear\u201c\" \/><br class=\"\u201cclear\u201c\" \/><\/p>\n<p>Auch bei den asph\u00e4rischen Optiken deckt INGENERIC die gesamte Prozesskette ab &#8211; vom Optikdesign bis zur optischen Montage. INGENERIC schaut auf eine langj\u00e4hrige Erfahrung in der Werkzeugentwicklung und -herstellung sowie im Pr\u00e4zisionsblankpressen zur\u00fcck. Unsere Technologie verf\u00fcgt \u00fcber die M\u00f6glichkeiten zur Prozessqualifizierung und zum Prototyping und ist sp\u00e4ter auch f\u00fcr die Serienproduktion skalierbar. <br class=\"\u201cclear\u201c\" \/><br class=\"\u201cclear\u201c\" \/><\/p>\n<p>In der Serienproduktion wendet INGENERIC entweder die Multi-Cavity-Abformung (f\u00fcr runde Designs) oder Wafer-basierte Abformung (f\u00fcr rechteckige Designs) an. Beide ausgereiften Ans\u00e4tze werden bereits in zahlreichen Anwendungen genutzt. <a href=\"https:\/\/ingeneric.com\/contact\/\" target=\"_blank\" rel=\"noopener\">Bitte kontaktieren Sie unser Vertriebsteam<\/a> , um die Vor- und Nachteile der einzelnen Optionen zu besprechen.<br class=\"\u201cclear\u201c\" \/><br class=\"\u201cclear\u201c\" \/><\/p>\n<ul>\n<li>Wissenswert:<\/li>\n<li>Der Glastyp ist einerseits f\u00fcr die optische Leistung von wesentlicher Bedeutung, beeinflusst andererseits aber auch die Pressbarkeit. INGENERIC bietet gepresste Asph\u00e4ren unterschiedlicher Glasarten und verschiedener Lieferanten an. Wir k\u00f6nnen gerne eine Reihe spezifischer Glasarten mit uns bekanntem Pressverhalten und hervorragenden optischen Eigenschaften empfehlen. Unsere Technologie ist f\u00fcr eine Vielzahl von Glasmaterialien im gesamten Abbe-Diagramm realisierbar. Wir haben zudem die M\u00f6glichkeiten und F\u00e4higkeiten, eine schnelle Qualifizierung und Pr\u00fcfung des Glases durchzuf\u00fchren sowie erste Prototypen herzustellen. Bitte z\u00f6gern Sie nicht, Ihre Anforderungen mit unserem Experten-Team f\u00fcr optisches Design zu besprechen.<\/li>\n<\/ul>\n<p>Bitte beachten Sie, dass wir ebenso Mikrostrukturen, ID-Codes, Referenzmarken usw. hinzuf\u00fcgen und replizieren k\u00f6nnen. Zu diesem Zweck wenden wir eine ausgefeilte UKP-Lasertechnologien f\u00fcr die Mikrostrukturierung von Formoberfl\u00e4chen an. Bitte fragen Sie uns nach diesen Optionen.<br \/>\n<br class=\"\u201cclear\u201c\" \/><br class=\"\u201cclear\u201c\" \/><\/p>\n<ul>\n<li>Vorteile<\/li>\n<li>\u00dcberragende Abbildungsqualit\u00e4t<\/li>\n<li>Freies Design<\/li>\n<li>Freiform-Fl\u00e4chen<\/li>\n<li>Integrierte Ausrichtungsmerkmale<\/li>\n<li>H\u00f6chstes Ma\u00df an Pr\u00e4zision und Gleichm\u00e4\u00dfigkeit<\/li>\n<li>Massenproduktion<\/li>\n<li>H\u00f6chste Serienreproduzierbarkeit<\/li>\n<li>Vorteilhaftes Preis-Leistungsverh\u00e4ltnis<\/li>\n<\/ul>\n","protected":false},"excerpt":{"rendered":"Hoch-Pr\u00e4zisions-Asph\u00e4ren und Sph\u00e4ren Die Verwendung von Asph\u00e4ren bietet weitreichende Vorteile: Minimierung von Aberrationen, erh\u00f6hte Effizienz und eine Verringerung der optischen Elemente und des Gewichts der optischen Systeme. Heutzutage werden die gepressten Asph\u00e4ren von INGENERIC in den unterschiedlichsten Bildgebungsanwendungen eingesetzt. Die Nachfrage nach diesen hoch entwickelten Produkten steigt in wachsenden M\u00e4rkten wie etwa der Medizintechnik (Endoskopie, [&hellip;]","protected":false},"author":9,"featured_media":5940,"parent":1231,"menu_order":6,"comment_status":"closed","ping_status":"closed","template":"templates\/Produktseite.php","meta":{"_acf_changed":false,"footnotes":""},"class_list":["post-4110","page","type-page","status-publish","has-post-thumbnail","hentry"],"acf":[],"_links":{"self":[{"href":"https:\/\/ingeneric.com\/de\/wp-json\/wp\/v2\/pages\/4110","targetHints":{"allow":["GET"]}}],"collection":[{"href":"https:\/\/ingeneric.com\/de\/wp-json\/wp\/v2\/pages"}],"about":[{"href":"https:\/\/ingeneric.com\/de\/wp-json\/wp\/v2\/types\/page"}],"author":[{"embeddable":true,"href":"https:\/\/ingeneric.com\/de\/wp-json\/wp\/v2\/users\/9"}],"replies":[{"embeddable":true,"href":"https:\/\/ingeneric.com\/de\/wp-json\/wp\/v2\/comments?post=4110"}],"version-history":[{"count":16,"href":"https:\/\/ingeneric.com\/de\/wp-json\/wp\/v2\/pages\/4110\/revisions"}],"predecessor-version":[{"id":5980,"href":"https:\/\/ingeneric.com\/de\/wp-json\/wp\/v2\/pages\/4110\/revisions\/5980"}],"up":[{"embeddable":true,"href":"https:\/\/ingeneric.com\/de\/wp-json\/wp\/v2\/pages\/1231"}],"wp:featuredmedia":[{"embeddable":true,"href":"https:\/\/ingeneric.com\/de\/wp-json\/wp\/v2\/media\/5940"}],"wp:attachment":[{"href":"https:\/\/ingeneric.com\/de\/wp-json\/wp\/v2\/media?parent=4110"}],"curies":[{"name":"wp","href":"https:\/\/api.w.org\/{rel}","templated":true}]}}