{"id":405,"date":"2016-01-11T14:23:38","date_gmt":"2016-01-11T13:23:38","guid":{"rendered":"http:\/\/www.ingeneric-gmbh.com\/?page_id=405&#038;lang=de"},"modified":"2024-07-02T15:44:11","modified_gmt":"2024-07-02T13:44:11","slug":"rma-formular","status":"publish","type":"page","link":"https:\/\/ingeneric.com\/de\/rma-formular\/","title":{"rendered":"RMA Formular"},"content":{"rendered":"<p>Wir bedauern au\u00dferordentlich, dass einige unserer Produkte nicht Ihren Ewartungen entsprechen. Um die Ware zu retournieren, m\u00f6chten wir Sie bitten, untenstehendes Formular auszuf\u00fcllen. Sie erhalten in K\u00fcrze eine RMA-Nummer. Bitte kennzeichnen Sie Ihre Warenr\u00fccksendung mit dieser Nummer.<\/p>\n<div class=\"content-inner-wrapper\">\n<ul>\n<li>Bitte beachten Sie:<\/li>\n<li>Bitte verwenden Sie pro Produkt, das Sie zur\u00fccksenden wollen, ein RMA-Dokument.<\/li>\n<li>Mit * markierte Felder sind Pflichtfelder<\/li>\n<li>Bitte stellen Sie Fotos mit den beschriebenen Defekten zur Verf\u00fcgung<\/li>\n<\/ul>\n<\/div>\n\n<div class=\"wpcf7 no-js\" id=\"wpcf7-f403-o1\" lang=\"en-US\" dir=\"ltr\" data-wpcf7-id=\"403\">\n<div class=\"screen-reader-response\"><p role=\"status\" aria-live=\"polite\" aria-atomic=\"true\"><\/p> <ul><\/ul><\/div>\n<form action=\"\/de\/wp-json\/wp\/v2\/pages\/405#wpcf7-f403-o1\" method=\"post\" class=\"wpcf7-form init\" aria-label=\"Contact form\" enctype=\"multipart\/form-data\" novalidate=\"novalidate\" data-status=\"init\">\n<fieldset class=\"hidden-fields-container\"><input type=\"hidden\" name=\"_wpcf7\" value=\"403\" \/><input type=\"hidden\" name=\"_wpcf7_version\" value=\"6.1.5\" \/><input type=\"hidden\" name=\"_wpcf7_locale\" value=\"en_US\" \/><input type=\"hidden\" name=\"_wpcf7_unit_tag\" value=\"wpcf7-f403-o1\" \/><input type=\"hidden\" name=\"_wpcf7_container_post\" value=\"0\" \/><input type=\"hidden\" name=\"_wpcf7_posted_data_hash\" value=\"\" \/>\n<\/fieldset>\n\n<div class=\"form-wrapper rma-form\">\n\t<p><span id=\"wpcf7-69e237924b791-wrapper\" class=\"wpcf7-form-control-wrap Mail-wrap\" style=\"display:none !important; visibility:hidden !important;\"><label for=\"wpcf7-69e237924b791-field\" class=\"hp-message\">Please leave this field empty.<\/label><input id=\"wpcf7-69e237924b791-field\"  class=\"wpcf7-form-control wpcf7-text\" type=\"text\" name=\"Mail\" value=\"\" size=\"40\" tabindex=\"-1\" autocomplete=\"new-password\" \/><\/span>\n\t<\/p>\n\t<div class=\"item\">\n\t\t<p><span class=\"wpcf7-form-control-wrap\" data-name=\"customer-no\"><input size=\"40\" maxlength=\"400\" class=\"wpcf7-form-control wpcf7-text\" aria-invalid=\"false\" placeholder=\"Kunden-Nr.\" value=\"\" type=\"text\" name=\"customer-no\" \/><\/span>\n\t\t<\/p>\n\t<\/div>\n\t<div class=\"item\">\n\t\t<p><span class=\"wpcf7-form-control-wrap\" data-name=\"company\"><input size=\"40\" maxlength=\"400\" class=\"wpcf7-form-control wpcf7-text wpcf7-validates-as-required\" aria-required=\"true\" aria-invalid=\"false\" placeholder=\"Firma*\" value=\"\" type=\"text\" name=\"company\" \/><\/span>\n\t\t<\/p>\n\t<\/div>\n\t<div class=\"item\">\n\t\t<p><span class=\"wpcf7-form-control-wrap\" data-name=\"contact-person\"><input size=\"40\" maxlength=\"400\" class=\"wpcf7-form-control wpcf7-text wpcf7-validates-as-required\" aria-required=\"true\" aria-invalid=\"false\" placeholder=\"Kontaktperson*\" value=\"\" type=\"text\" name=\"contact-person\" \/><\/span>\n\t\t<\/p>\n\t<\/div>\n\t<div class=\"item\">\n\t\t<p><span class=\"wpcf7-form-control-wrap\" data-name=\"adress\"><input size=\"40\" maxlength=\"400\" class=\"wpcf7-form-control wpcf7-text\" aria-invalid=\"false\" placeholder=\"Adresse\" value=\"\" type=\"text\" name=\"adress\" \/><\/span>\n\t\t<\/p>\n\t<\/div>\n\t<div class=\"item\">\n\t\t<p><span class=\"wpcf7-form-control-wrap\" data-name=\"postal-code\"><input size=\"40\" maxlength=\"400\" class=\"wpcf7-form-control wpcf7-text\" aria-invalid=\"false\" placeholder=\"Postleitzahl\" value=\"\" type=\"text\" name=\"postal-code\" \/><\/span>\n\t\t<\/p>\n\t<\/div>\n\t<div class=\"item\">\n\t\t<p><span class=\"wpcf7-form-control-wrap\" data-name=\"city\"><input size=\"40\" maxlength=\"400\" class=\"wpcf7-form-control wpcf7-text\" aria-invalid=\"false\" placeholder=\"Stadt\" value=\"\" type=\"text\" name=\"city\" \/><\/span>\n\t\t<\/p>\n\t<\/div>\n\t<div class=\"item\">\n\t\t<p><span class=\"wpcf7-form-control-wrap\" data-name=\"country\"><input size=\"40\" maxlength=\"400\" class=\"wpcf7-form-control wpcf7-text\" aria-invalid=\"false\" placeholder=\"Land\" value=\"\" type=\"text\" name=\"country\" \/><\/span>\n\t\t<\/p>\n\t<\/div>\n\t<div class=\"item\">\n\t\t<p><span class=\"wpcf7-form-control-wrap\" data-name=\"telephone\"><input size=\"40\" maxlength=\"400\" class=\"wpcf7-form-control wpcf7-text\" aria-invalid=\"false\" placeholder=\"Telefon\" value=\"\" type=\"text\" name=\"telephone\" \/><\/span>\n\t\t<\/p>\n\t<\/div>\n\t<div class=\"item\">\n\t\t<p><span class=\"wpcf7-form-control-wrap\" data-name=\"fax\"><input size=\"40\" maxlength=\"400\" class=\"wpcf7-form-control wpcf7-text\" aria-invalid=\"false\" placeholder=\"Fax\" value=\"\" type=\"text\" name=\"fax\" \/><\/span>\n\t\t<\/p>\n\t<\/div>\n\t<div class=\"item\">\n\t\t<p><span class=\"wpcf7-form-control-wrap\" data-name=\"your-email\"><input size=\"40\" maxlength=\"400\" class=\"wpcf7-form-control wpcf7-email wpcf7-validates-as-required wpcf7-text wpcf7-validates-as-email\" aria-required=\"true\" aria-invalid=\"false\" placeholder=\"E-Mail*\" value=\"\" type=\"email\" name=\"your-email\" \/><\/span>\n\t\t<\/p>\n\t<\/div>\n\t<div class=\"item space-top\">\n\t\t<p><span class=\"wpcf7-form-control-wrap\" data-name=\"product-name\"><input size=\"40\" maxlength=\"400\" class=\"wpcf7-form-control wpcf7-text\" aria-invalid=\"false\" placeholder=\"Produktname\" value=\"\" type=\"text\" name=\"product-name\" \/><\/span>\n\t\t<\/p>\n\t<\/div>\n\t<div class=\"item\">\n\t\t<p><span class=\"wpcf7-form-control-wrap\" data-name=\"item-number-customer\"><input size=\"40\" maxlength=\"400\" class=\"wpcf7-form-control wpcf7-text\" aria-invalid=\"false\" placeholder=\"Artikelnummer Kunde\" value=\"\" type=\"text\" name=\"item-number-customer\" \/><\/span>\n\t\t<\/p>\n\t<\/div>\n\t<div class=\"item\">\n\t\t<p><span class=\"wpcf7-form-control-wrap\" data-name=\"item-number-ingeneric\"><input size=\"40\" maxlength=\"400\" class=\"wpcf7-form-control wpcf7-text wpcf7-validates-as-required\" aria-required=\"true\" aria-invalid=\"false\" placeholder=\"Artikelnummer INGENERIC*\" value=\"\" type=\"text\" name=\"item-number-ingeneric\" \/><\/span>\n\t\t<\/p>\n\t<\/div>\n\t<div class=\"item\">\n\t\t<p><span class=\"wpcf7-form-control-wrap\" data-name=\"delivery-note\"><input size=\"40\" maxlength=\"400\" class=\"wpcf7-form-control wpcf7-text wpcf7-validates-as-required\" aria-required=\"true\" aria-invalid=\"false\" placeholder=\"Lieferschein-Nummer*\" value=\"\" type=\"text\" name=\"delivery-note\" \/><\/span>\n\t\t<\/p>\n\t<\/div>\n\t<div class=\"item\">\n\t\t<p><span class=\"wpcf7-form-control-wrap\" data-name=\"delivery-date\"><input size=\"40\" maxlength=\"400\" class=\"wpcf7-form-control wpcf7-text\" aria-invalid=\"false\" placeholder=\"Lieferdatum\" value=\"\" type=\"text\" name=\"delivery-date\" \/><\/span>\n\t\t<\/p>\n\t<\/div>\n\t<div class=\"item\">\n\t\t<p><span class=\"wpcf7-form-control-wrap\" data-name=\"po-number\"><input size=\"40\" maxlength=\"400\" class=\"wpcf7-form-control wpcf7-text\" aria-invalid=\"false\" placeholder=\"Bestellnummer\" value=\"\" type=\"text\" name=\"po-number\" \/><\/span>\n\t\t<\/p>\n\t<\/div>\n\t<div class=\"item\">\n\t\t<p><span class=\"wpcf7-form-control-wrap\" data-name=\"batch-number\"><input size=\"40\" maxlength=\"400\" class=\"wpcf7-form-control wpcf7-text wpcf7-validates-as-required\" aria-required=\"true\" aria-invalid=\"false\" placeholder=\"Losnummer**\" value=\"\" type=\"text\" name=\"batch-number\" \/><\/span>\n\t\t<\/p>\n\t<\/div>\n\t<div class=\"item\">\n\t\t<p><span class=\"wpcf7-form-control-wrap\" data-name=\"number-of-returned-parts\"><input size=\"40\" maxlength=\"400\" class=\"wpcf7-form-control wpcf7-text\" aria-invalid=\"false\" placeholder=\"Anzahl reklamierter Teile*\" value=\"\" type=\"text\" name=\"number-of-returned-parts\" \/><\/span>\n\t\t<\/p>\n\t<\/div>\n\t<div class=\"item last-item\">\n\t\t<p><span class=\"wpcf7-form-control-wrap\" data-name=\"number-of-delivered-parts\"><input size=\"40\" maxlength=\"400\" class=\"wpcf7-form-control wpcf7-text\" aria-invalid=\"false\" placeholder=\"Lieferumfang\" value=\"\" type=\"text\" name=\"number-of-delivered-parts\" \/><\/span>\n\t\t<\/p>\n\t<\/div>\n\t<div class=\"item\">\n\t\t<p><span class=\"wpcf7-form-control-wrap\" data-name=\"detailed-error-description\"><textarea cols=\"40\" rows=\"10\" maxlength=\"2000\" class=\"wpcf7-form-control wpcf7-textarea wpcf7-validates-as-required\" aria-required=\"true\" aria-invalid=\"false\" placeholder=\"Fehlerbeschreibung*\" name=\"detailed-error-description\"><\/textarea><\/span>\n\t\t<\/p>\n\t<\/div>\n\t<div class=\"item\">\n\t\t<p><span class=\"wpcf7-form-control-wrap\" data-name=\"remarks\"><textarea cols=\"40\" rows=\"10\" maxlength=\"2000\" class=\"wpcf7-form-control wpcf7-textarea\" aria-invalid=\"false\" placeholder=\"Bemerkung\" name=\"remarks\"><\/textarea><\/span>\n\t\t<\/p>\n\t<\/div>\n\t<div class=\"item\">\n\t\t<p><small> Bitte stellen Sie uns Fotos mit den beschriebenden Defekten zur Verf\u00fcgung <\/small><span class=\"wpcf7-form-control-wrap\" data-name=\"rma-upload\"><input size=\"40\" class=\"wpcf7-form-control wpcf7-file border\" accept=\"audio\/*,video\/*,image\/*\" aria-invalid=\"false\" type=\"file\" name=\"rma-upload\" \/><\/span>\n\t\t<\/p>\n\t<\/div>\n\t<div class=\"clear\">\n\t<\/div>\n<!--[mathcaptcha mathcaptcha-95]-->\n\t<p><div class=\"captchafox\" data-sitekey=\"sk_daJSnfXuwOs9a3hCGU79nfyeULREz\" data-mode=\"inline\" data-theme=\"light\"><\/div><input class=\"wpcf7-form-control wpcf7-submit has-spinner\" type=\"submit\" value=\"send message\" \/>\n\t<\/p>\n<\/div>\n<div class=\"notes\">\n\t<p>** Die Losnummer finden Sie bei Optiken auf dem Etikett der Umverpackung. Bei optischen Systemen bitte die Seriennummer angeben.\n\t<\/p>\n<\/div><div class=\"wpcf7-response-output\" aria-hidden=\"true\"><\/div>\n<\/form>\n<\/div>\n\n<p>Bei Problemen mit dem Absenden dieses Formulars, f\u00fcllen Sie bitte das folgende Word-Dokument aus und senden es an <a href=\"mailto:rma@ingeneric.com\">RMA@ingeneric.com<\/a><br class=\"\u201cclear\u201c\" \/><a class=\"word\" href=\"https:\/\/ingeneric.com\/wp-content\/uploads\/2022\/11\/INGENERIC_RMA-form_2022.docx\">INGENERIC RMA Formular<\/a><\/p>\n","protected":false},"excerpt":{"rendered":"Wir bedauern au\u00dferordentlich, dass einige unserer Produkte nicht Ihren Ewartungen entsprechen. Um die Ware zu retournieren, m\u00f6chten wir Sie bitten, untenstehendes Formular auszuf\u00fcllen. Sie erhalten in K\u00fcrze eine RMA-Nummer. Bitte kennzeichnen Sie Ihre Warenr\u00fccksendung mit dieser Nummer. Bitte beachten Sie: Bitte verwenden Sie pro Produkt, das Sie zur\u00fccksenden wollen, ein RMA-Dokument. Mit * markierte Felder [&hellip;]","protected":false},"author":4,"featured_media":1019,"parent":0,"menu_order":0,"comment_status":"closed","ping_status":"closed","template":"","meta":{"_acf_changed":false,"footnotes":""},"class_list":["post-405","page","type-page","status-publish","has-post-thumbnail","hentry"],"acf":[],"_links":{"self":[{"href":"https:\/\/ingeneric.com\/de\/wp-json\/wp\/v2\/pages\/405","targetHints":{"allow":["GET"]}}],"collection":[{"href":"https:\/\/ingeneric.com\/de\/wp-json\/wp\/v2\/pages"}],"about":[{"href":"https:\/\/ingeneric.com\/de\/wp-json\/wp\/v2\/types\/page"}],"author":[{"embeddable":true,"href":"https:\/\/ingeneric.com\/de\/wp-json\/wp\/v2\/users\/4"}],"replies":[{"embeddable":true,"href":"https:\/\/ingeneric.com\/de\/wp-json\/wp\/v2\/comments?post=405"}],"version-history":[{"count":16,"href":"https:\/\/ingeneric.com\/de\/wp-json\/wp\/v2\/pages\/405\/revisions"}],"predecessor-version":[{"id":6034,"href":"https:\/\/ingeneric.com\/de\/wp-json\/wp\/v2\/pages\/405\/revisions\/6034"}],"wp:featuredmedia":[{"embeddable":true,"href":"https:\/\/ingeneric.com\/de\/wp-json\/wp\/v2\/media\/1019"}],"wp:attachment":[{"href":"https:\/\/ingeneric.com\/de\/wp-json\/wp\/v2\/media?parent=405"}],"curies":[{"name":"wp","href":"https:\/\/api.w.org\/{rel}","templated":true}]}}