{"id":1445,"date":"2015-12-04T17:50:47","date_gmt":"2015-12-04T16:50:47","guid":{"rendered":"http:\/\/www.ingeneric-gmbh.com\/de\/optical-components\/special-products\/"},"modified":"2018-02-20T16:18:08","modified_gmt":"2018-02-20T15:18:08","slug":"sonderprodukte","status":"publish","type":"page","link":"https:\/\/ingeneric.com\/de\/optik-komponenten\/sonderprodukte\/","title":{"rendered":"Sonderprodukte"},"content":{"rendered":"<h3>Sonderoptik\/-systeme<\/h3>\n<p>Sie ben\u00f6tigen eine spezielle optische Abbildung oder Intensit\u00e4tsverteilung?<\/p>\n<p>Von der asph\u00e4rischen Einzellinse mit optimiertem Design bis zum kompletten optischen System, das auf Ihren spezifischen Anwendungsfall angepasst ist, bieten wir Ihnen ma\u00dfgeschneiderte L\u00f6sungen.<\/p>\n<p>Auch hierbei folgen wir unserer Devise: Einzeloptik wie Komplettsystem werden von uns zu 100% einem anwendungsidentischen Testzyklus unterworfen.<\/p>\n<p>So stellen wir durch optimales Design und reproduzierbare, verl\u00e4ssliche Qualit\u00e4t den maximalen Kundennutzen sicher.<\/p>\n<p>&nbsp;<\/p>\n<ul>\n<li>Produktbeispiele<\/li>\n<li>Asph\u00e4rische Einzeloptik<\/li>\n<li>Monolithische Linsen-Arrays<\/li>\n<li>Linien-Fokus-Module<\/li>\n<li>Multi-Fokus-Spot-Module<\/li>\n<li>Ring-Fokus-Module<\/li>\n<li>Rechteck-Fokus-Module<\/li>\n<\/ul>\n<p>&nbsp;<\/p>\n","protected":false},"excerpt":{"rendered":"Sonderoptik\/-systeme Sie ben\u00f6tigen eine spezielle optische Abbildung oder Intensit\u00e4tsverteilung? Von der asph\u00e4rischen Einzellinse mit optimiertem Design bis zum kompletten optischen System, das auf Ihren spezifischen Anwendungsfall angepasst ist, bieten wir Ihnen ma\u00dfgeschneiderte L\u00f6sungen. Auch hierbei folgen wir unserer Devise: Einzeloptik wie Komplettsystem werden von uns zu 100% einem anwendungsidentischen Testzyklus unterworfen. So stellen wir durch [&hellip;]","protected":false},"author":4,"featured_media":1014,"parent":1231,"menu_order":7,"comment_status":"closed","ping_status":"closed","template":"templates\/Produktseite.php","meta":{"_acf_changed":false,"footnotes":""},"class_list":["post-1445","page","type-page","status-publish","has-post-thumbnail","hentry"],"acf":[],"_links":{"self":[{"href":"https:\/\/ingeneric.com\/de\/wp-json\/wp\/v2\/pages\/1445","targetHints":{"allow":["GET"]}}],"collection":[{"href":"https:\/\/ingeneric.com\/de\/wp-json\/wp\/v2\/pages"}],"about":[{"href":"https:\/\/ingeneric.com\/de\/wp-json\/wp\/v2\/types\/page"}],"author":[{"embeddable":true,"href":"https:\/\/ingeneric.com\/de\/wp-json\/wp\/v2\/users\/4"}],"replies":[{"embeddable":true,"href":"https:\/\/ingeneric.com\/de\/wp-json\/wp\/v2\/comments?post=1445"}],"version-history":[{"count":12,"href":"https:\/\/ingeneric.com\/de\/wp-json\/wp\/v2\/pages\/1445\/revisions"}],"predecessor-version":[{"id":2508,"href":"https:\/\/ingeneric.com\/de\/wp-json\/wp\/v2\/pages\/1445\/revisions\/2508"}],"up":[{"embeddable":true,"href":"https:\/\/ingeneric.com\/de\/wp-json\/wp\/v2\/pages\/1231"}],"wp:featuredmedia":[{"embeddable":true,"href":"https:\/\/ingeneric.com\/de\/wp-json\/wp\/v2\/media\/1014"}],"wp:attachment":[{"href":"https:\/\/ingeneric.com\/de\/wp-json\/wp\/v2\/media?parent=1445"}],"curies":[{"name":"wp","href":"https:\/\/api.w.org\/{rel}","templated":true}]}}