{"id":1440,"date":"2015-12-04T17:50:09","date_gmt":"2015-12-04T16:50:09","guid":{"rendered":"http:\/\/www.ingeneric-gmbh.com\/de\/optical-components\/micro-lens-arrays\/"},"modified":"2024-07-09T12:30:00","modified_gmt":"2024-07-09T10:30:00","slug":"mikrolinsen-arrays","status":"publish","type":"page","link":"https:\/\/ingeneric.com\/de\/optik-komponenten\/mikrolinsen-arrays\/","title":{"rendered":"Mikrolinsen Arrays"},"content":{"rendered":"<p>Mikrolinsen-Arrays mit h\u00f6chster Formgenauigkeit finden in Applikationen Anwendung, bei denen Zuverl\u00e4ssigkeit und h\u00f6chste Effizienz entscheidende Kriterien sind. Die Anwendungen reichen von der Strahltransformation f\u00fcr die Faserkopplung \u00fcber die Homogenisierung von Laserstrahlung bis zur effizienten Kombination von Diodenstacks identischer Wellenl\u00e4nge.<\/p>\n<p>Die lateralen Dimensionen des Arrays reichen von einigen Millimetern im Mikroma\u00dfstab bis zu ca. 45 Millimetern in der Makrowelt.<\/p>\n<p>Die Dimensionen der Arraystrukturen liegen typischerweise im Sub-Millimeterbereich. Durch seine technologische Exzellenz garantiert INGENERIC Formgenauigkeiten der Arrays im Submikrometerbereich.<\/p>\n<p>&nbsp;<\/p>\n<p>&nbsp;<\/p>\n<p>&nbsp;<\/p>\n<ul>\n<li>Vorteile<\/li>\n<li>Monolithisches Array<\/li>\n<li>H\u00f6chste Transmissionen durch minimierte \u00dcbergangszonen<\/li>\n<li>H\u00f6chstes Ma\u00df an Pr\u00e4zision und Gleichm\u00e4\u00dfigkeit<\/li>\n<li>Verl\u00e4ssliche und stabile Qualit\u00e4t<\/li>\n<li>Hochwirtschaftlicher Produktionsprozess bei gro\u00dfen St\u00fcckzahlen<\/li>\n<li>Hohe Flexibilit\u00e4t in Bezug auf die Geometrie<\/li>\n<\/ul>\n<p>&nbsp;<\/p>\n","protected":false},"excerpt":{"rendered":"Mikrolinsen-Arrays mit h\u00f6chster Formgenauigkeit finden in Applikationen Anwendung, bei denen Zuverl\u00e4ssigkeit und h\u00f6chste Effizienz entscheidende Kriterien sind. Die Anwendungen reichen von der Strahltransformation f\u00fcr die Faserkopplung \u00fcber die Homogenisierung von Laserstrahlung bis zur effizienten Kombination von Diodenstacks identischer Wellenl\u00e4nge. Die lateralen Dimensionen des Arrays reichen von einigen Millimetern im Mikroma\u00dfstab bis zu ca. 45 Millimetern [&hellip;]","protected":false},"author":4,"featured_media":1009,"parent":1231,"menu_order":5,"comment_status":"closed","ping_status":"closed","template":"templates\/Produktseite.php","meta":{"_acf_changed":false,"footnotes":""},"class_list":["post-1440","page","type-page","status-publish","has-post-thumbnail","hentry"],"acf":[],"_links":{"self":[{"href":"https:\/\/ingeneric.com\/de\/wp-json\/wp\/v2\/pages\/1440","targetHints":{"allow":["GET"]}}],"collection":[{"href":"https:\/\/ingeneric.com\/de\/wp-json\/wp\/v2\/pages"}],"about":[{"href":"https:\/\/ingeneric.com\/de\/wp-json\/wp\/v2\/types\/page"}],"author":[{"embeddable":true,"href":"https:\/\/ingeneric.com\/de\/wp-json\/wp\/v2\/users\/4"}],"replies":[{"embeddable":true,"href":"https:\/\/ingeneric.com\/de\/wp-json\/wp\/v2\/comments?post=1440"}],"version-history":[{"count":23,"href":"https:\/\/ingeneric.com\/de\/wp-json\/wp\/v2\/pages\/1440\/revisions"}],"predecessor-version":[{"id":6047,"href":"https:\/\/ingeneric.com\/de\/wp-json\/wp\/v2\/pages\/1440\/revisions\/6047"}],"up":[{"embeddable":true,"href":"https:\/\/ingeneric.com\/de\/wp-json\/wp\/v2\/pages\/1231"}],"wp:featuredmedia":[{"embeddable":true,"href":"https:\/\/ingeneric.com\/de\/wp-json\/wp\/v2\/media\/1009"}],"wp:attachment":[{"href":"https:\/\/ingeneric.com\/de\/wp-json\/wp\/v2\/media?parent=1440"}],"curies":[{"name":"wp","href":"https:\/\/api.w.org\/{rel}","templated":true}]}}