{"id":1405,"date":"2015-12-04T17:48:55","date_gmt":"2015-12-04T16:48:55","guid":{"rendered":"http:\/\/www.ingeneric-gmbh.com\/de\/products\/"},"modified":"2024-09-20T10:41:51","modified_gmt":"2024-09-20T08:41:51","slug":"produkte","status":"publish","type":"page","link":"https:\/\/ingeneric.com\/de\/produkte\/","title":{"rendered":"Produkte"},"content":{"rendered":"<h3><a href=\"https:\/\/ingeneric.com\/de\/unternehmen\/expertise-technologie\/\"><span class=\"VIiyi\" lang=\"de\"><span class=\"JLqJ4b ChMk0b\" data-language-for-alternatives=\"de\" data-language-to-translate-into=\"en\" data-phrase-index=\"0\">Expertise und Technologie<\/span> <\/span><\/a><\/h3>\n<p><span class=\"VIiyi\" lang=\"de\"><span class=\"JLqJ4b ChMk0b\" data-language-for-alternatives=\"de\" data-language-to-translate-into=\"en\" data-phrase-index=\"2\">Kunden der gesamten Laserindustrie verlassen sich auf die Mikrooptiken, Mikrolinsenarrays, Strahltransformationsoptiken und Asph\u00e4ren sowie auf hochentwickelte optische Systeme von INGENERIC.<\/span> <span class=\"JLqJ4b ChMk0b\" data-language-for-alternatives=\"de\" data-language-to-translate-into=\"en\" data-phrase-index=\"3\">Dar\u00fcber hinaus ist das Unternehmen in bedeutenden Wachstumsm\u00e4rkten wie Datenkommunikation, Automobilsektor, Sensortechnologie, Bildgebung und Medizintechnik t\u00e4tig.<\/span><\/span><\/p>\n<p>&nbsp;<\/p>\n<p>&nbsp;<\/p>\n<h3><a title=\"Optik-Komponenten\" href=\"https:\/\/www.ingeneric.com\/optical-components\/\">Optik-Komponenten<\/a><\/h3>\n<p>Mikrooptiken sind Schl\u00fcsselelemente f\u00fcr die grundlegende Funktion von Hochleistungsdiodenlasern und im Besonderen f\u00fcr ihre Effizienz.<br \/>\nMit jahrelanger Erfahrung stellen wir Mikro-Optiken, Mikrolinsen-Arrays und Asph\u00e4ren mit herausragenden Produkteigenschaften her \u2013 als Standard-Optik oder als kundenspezifische L\u00f6sung.<\/p>\n<p>\n<!-- Page-list plugin v.5.9 wordpress.org\/plugins\/page-list\/ -->\n<!-- no pages to show --><br \/>\nDurch die Verwendung hochwertiger Glaswerkstoffe, die Einhaltung h\u00f6chster Pr\u00e4zision in der Serie sowie optimiertes Design erm\u00f6glichen wir unseren Kunden maximale Brightness in der Anwendung.<\/p>\n<p>&nbsp;<\/p>\n<h3>Optische Systeme<\/h3>\n<p>Neben unserem Spektrum an optischen Modulen wie Faserkopplern, Homogenisierern und Kollimationsmodulen, entwickeln und integrieren wir au\u00dferdem kundenspezifische OEM-Lasersysteme, wie fasergekoppelte Lasersysteme f\u00fcr medizinische Anwendungen.<\/p>\n<p><br class=\"\u201cclear\u201c\" \/><br class=\"\u201cclear\u201c\" \/><strong><a href=\"mailto:contact@ingeneric.com\">Kontaktieren Sie uns bitte, falls Sie weitere Informationen w\u00fcnschen.<\/a><\/strong><\/p>\n","protected":false},"excerpt":{"rendered":"Expertise und Technologie Kunden der gesamten Laserindustrie verlassen sich auf die Mikrooptiken, Mikrolinsenarrays, Strahltransformationsoptiken und Asph\u00e4ren sowie auf hochentwickelte optische Systeme von INGENERIC. Dar\u00fcber hinaus ist das Unternehmen in bedeutenden Wachstumsm\u00e4rkten wie Datenkommunikation, Automobilsektor, Sensortechnologie, Bildgebung und Medizintechnik t\u00e4tig. &nbsp; &nbsp; Optik-Komponenten Mikrooptiken sind Schl\u00fcsselelemente f\u00fcr die grundlegende Funktion von Hochleistungsdiodenlasern und im Besonderen f\u00fcr [&hellip;]","protected":false},"author":4,"featured_media":1018,"parent":0,"menu_order":0,"comment_status":"closed","ping_status":"closed","template":"","meta":{"_acf_changed":false,"footnotes":""},"class_list":["post-1405","page","type-page","status-publish","has-post-thumbnail","hentry"],"acf":[],"_links":{"self":[{"href":"https:\/\/ingeneric.com\/de\/wp-json\/wp\/v2\/pages\/1405","targetHints":{"allow":["GET"]}}],"collection":[{"href":"https:\/\/ingeneric.com\/de\/wp-json\/wp\/v2\/pages"}],"about":[{"href":"https:\/\/ingeneric.com\/de\/wp-json\/wp\/v2\/types\/page"}],"author":[{"embeddable":true,"href":"https:\/\/ingeneric.com\/de\/wp-json\/wp\/v2\/users\/4"}],"replies":[{"embeddable":true,"href":"https:\/\/ingeneric.com\/de\/wp-json\/wp\/v2\/comments?post=1405"}],"version-history":[{"count":13,"href":"https:\/\/ingeneric.com\/de\/wp-json\/wp\/v2\/pages\/1405\/revisions"}],"predecessor-version":[{"id":6148,"href":"https:\/\/ingeneric.com\/de\/wp-json\/wp\/v2\/pages\/1405\/revisions\/6148"}],"wp:featuredmedia":[{"embeddable":true,"href":"https:\/\/ingeneric.com\/de\/wp-json\/wp\/v2\/media\/1018"}],"wp:attachment":[{"href":"https:\/\/ingeneric.com\/de\/wp-json\/wp\/v2\/media?parent=1405"}],"curies":[{"name":"wp","href":"https:\/\/api.w.org\/{rel}","templated":true}]}}