{"id":1389,"date":"2015-12-04T17:49:49","date_gmt":"2015-12-04T16:49:49","guid":{"rendered":"http:\/\/www.ingeneric-gmbh.com\/de\/optical-components\/beam-transformation\/"},"modified":"2021-08-26T10:54:54","modified_gmt":"2021-08-26T08:54:54","slug":"strahlformungsoptiken","status":"publish","type":"page","link":"https:\/\/ingeneric.com\/de\/optik-komponenten\/strahlformungsoptiken\/","title":{"rendered":"Strahlformungsoptiken"},"content":{"rendered":"<h3>INGENERIC beamPROP<\/h3>\n<p>Der INGENERIC beamPROP ist ein Linsen-Array, welches das Strahlparameter Produkt (beam parameter product \u201cBPP\u201d) der Fast- und Slow-axis von Hochleistungsdiodenlasern genau aufeinander abstimmt.<\/p>\n<p><br class=\"\u201cclear\u201c\" \/><br class=\"\u201cclear\u201c\" \/><\/p>\n<p>Der beamPROP ist eine Schl\u00fcsselkomponente f\u00fcr<\/p>\n<ol>\n<li>die Faserkopplung von Diodenbarren<\/li>\n<li>die dichte Wellenl\u00e4ngen-Kopplung.<\/li>\n<\/ol>\n<p>Beide Applikationen stellen hohe Anforderungen an die Komponenten, welche durch die hervorragende Fertigungstechnologie von INGENERIC gew\u00e4hrleistet wird. So garantieren wir h\u00f6chste Effizienz f\u00fcr Ihre Diodenlaser.<\/p>\n<ul>\n<li>Erreichen Sie h\u00f6chste Strahlqualit\u00e4t durch die vier Haupt-Features des beamPROP:<\/li>\n<li>Vollst\u00e4ndige Nutzung der Apertur durch minimierte \u00dcbergangszonen<\/li>\n<li>Minimale Abbildungsfehler durch h\u00f6chste Pr\u00e4zision und Gleichf\u00f6rmigkeit der Einzellinsen<\/li>\n<li>Exakte Rotation des Emitters durch definierte Mittendickenmessung<\/li>\n<li>Minimierte Pointing-Fehler durch exakte Positionierung der Front- und R\u00fcckfl\u00e4chen<\/li>\n<\/ul>\n<p>&nbsp;<\/p>\n","protected":false},"excerpt":{"rendered":"INGENERIC beamPROP Der INGENERIC beamPROP ist ein Linsen-Array, welches das Strahlparameter Produkt (beam parameter product \u201cBPP\u201d) der Fast- und Slow-axis von Hochleistungsdiodenlasern genau aufeinander abstimmt. Der beamPROP ist eine Schl\u00fcsselkomponente f\u00fcr die Faserkopplung von Diodenbarren die dichte Wellenl\u00e4ngen-Kopplung. Beide Applikationen stellen hohe Anforderungen an die Komponenten, welche durch die hervorragende Fertigungstechnologie von INGENERIC gew\u00e4hrleistet wird. [&hellip;]","protected":false},"author":4,"featured_media":1041,"parent":1231,"menu_order":3,"comment_status":"closed","ping_status":"closed","template":"templates\/Produktseite.php","meta":{"_acf_changed":false,"footnotes":""},"class_list":["post-1389","page","type-page","status-publish","has-post-thumbnail","hentry"],"acf":[],"_links":{"self":[{"href":"https:\/\/ingeneric.com\/de\/wp-json\/wp\/v2\/pages\/1389","targetHints":{"allow":["GET"]}}],"collection":[{"href":"https:\/\/ingeneric.com\/de\/wp-json\/wp\/v2\/pages"}],"about":[{"href":"https:\/\/ingeneric.com\/de\/wp-json\/wp\/v2\/types\/page"}],"author":[{"embeddable":true,"href":"https:\/\/ingeneric.com\/de\/wp-json\/wp\/v2\/users\/4"}],"replies":[{"embeddable":true,"href":"https:\/\/ingeneric.com\/de\/wp-json\/wp\/v2\/comments?post=1389"}],"version-history":[{"count":19,"href":"https:\/\/ingeneric.com\/de\/wp-json\/wp\/v2\/pages\/1389\/revisions"}],"predecessor-version":[{"id":6062,"href":"https:\/\/ingeneric.com\/de\/wp-json\/wp\/v2\/pages\/1389\/revisions\/6062"}],"up":[{"embeddable":true,"href":"https:\/\/ingeneric.com\/de\/wp-json\/wp\/v2\/pages\/1231"}],"wp:featuredmedia":[{"embeddable":true,"href":"https:\/\/ingeneric.com\/de\/wp-json\/wp\/v2\/media\/1041"}],"wp:attachment":[{"href":"https:\/\/ingeneric.com\/de\/wp-json\/wp\/v2\/media?parent=1389"}],"curies":[{"name":"wp","href":"https:\/\/api.w.org\/{rel}","templated":true}]}}