{"id":1374,"date":"2015-12-04T17:49:23","date_gmt":"2015-12-04T16:49:23","guid":{"rendered":"http:\/\/www.ingeneric-gmbh.com\/de\/optical-components\/sav\/"},"modified":"2024-06-25T13:40:06","modified_gmt":"2024-06-25T11:40:06","slug":"kollimationsmodule","status":"publish","type":"page","link":"https:\/\/ingeneric.com\/de\/optik-komponenten\/kollimationsmodule\/","title":{"rendered":"Kollimationsmodule"},"content":{"rendered":"<h3>INGENERIC Kollimationsmodul (C-Module)<\/h3>\n<p>Das Kollimationsmodul erm\u00f6glicht die effiziente Reduktion der Divergenzen in Fast- und Slow-Axis. Es besteht aus zwei Mikrooptiken, die in einem Modul h\u00f6chst pr\u00e4zise justiert und fixiert sind.<\/p>\n<p>Neben der optimalen Kollimation erm\u00f6glicht das Modul die einfache und preiswerte Montage von Diodenlasern. Auf Wunsch liefern wir die Module auch mit zus\u00e4tzlichen Montagefl\u00e4chen.<\/p>\n<p>Das kompakte C-Modul erm\u00f6glicht daher h\u00f6chste Brightnes f\u00fcr Diodenlaser bei minimaler Baugr\u00f6\u00dfe<\/p>\n<p><br class=\"\u201cclear\u201c\" \/><br class=\"\u201cclear\u201c\" \/>Werfen Sie einen Blick auf unser breites Spektrum an Fast- und Slow-Axis Kollimatoren und kombinieren Sie sie zu Ihrem C-Modul, speziell angepasst auf Ihre Anwendung.<\/p>\n<p>&nbsp;<\/p>\n<p>&nbsp;<\/p>\n<ul>\n<li>Vorteile<\/li>\n<li>effiziente Kollimation<\/li>\n<li>optimiert f\u00fcr h\u00f6chste Brightness<\/li>\n<li>kompakte Bauweise<\/li>\n<li>einfache Montage<\/li>\n<li>Transmission \u00fcber 99%<\/li>\n<li>h\u00f6chste Pr\u00e4zision und Gleichm\u00e4\u00dfigkeit<\/li>\n<li>Langzeitstabilit\u00e4t<\/li>\n<li>optimiertes Linsendesign<\/li>\n<\/ul>\n","protected":false},"excerpt":{"rendered":"INGENERIC Kollimationsmodul (C-Module) Das Kollimationsmodul erm\u00f6glicht die effiziente Reduktion der Divergenzen in Fast- und Slow-Axis. Es besteht aus zwei Mikrooptiken, die in einem Modul h\u00f6chst pr\u00e4zise justiert und fixiert sind. Neben der optimalen Kollimation erm\u00f6glicht das Modul die einfache und preiswerte Montage von Diodenlasern. Auf Wunsch liefern wir die Module auch mit zus\u00e4tzlichen Montagefl\u00e4chen. Das [&hellip;]","protected":false},"author":4,"featured_media":5938,"parent":1231,"menu_order":4,"comment_status":"closed","ping_status":"closed","template":"templates\/Produktseite.php","meta":{"_acf_changed":false,"footnotes":""},"class_list":["post-1374","page","type-page","status-publish","has-post-thumbnail","hentry"],"acf":[],"_links":{"self":[{"href":"https:\/\/ingeneric.com\/de\/wp-json\/wp\/v2\/pages\/1374","targetHints":{"allow":["GET"]}}],"collection":[{"href":"https:\/\/ingeneric.com\/de\/wp-json\/wp\/v2\/pages"}],"about":[{"href":"https:\/\/ingeneric.com\/de\/wp-json\/wp\/v2\/types\/page"}],"author":[{"embeddable":true,"href":"https:\/\/ingeneric.com\/de\/wp-json\/wp\/v2\/users\/4"}],"replies":[{"embeddable":true,"href":"https:\/\/ingeneric.com\/de\/wp-json\/wp\/v2\/comments?post=1374"}],"version-history":[{"count":7,"href":"https:\/\/ingeneric.com\/de\/wp-json\/wp\/v2\/pages\/1374\/revisions"}],"predecessor-version":[{"id":3375,"href":"https:\/\/ingeneric.com\/de\/wp-json\/wp\/v2\/pages\/1374\/revisions\/3375"}],"up":[{"embeddable":true,"href":"https:\/\/ingeneric.com\/de\/wp-json\/wp\/v2\/pages\/1231"}],"wp:featuredmedia":[{"embeddable":true,"href":"https:\/\/ingeneric.com\/de\/wp-json\/wp\/v2\/media\/5938"}],"wp:attachment":[{"href":"https:\/\/ingeneric.com\/de\/wp-json\/wp\/v2\/media?parent=1374"}],"curies":[{"name":"wp","href":"https:\/\/api.w.org\/{rel}","templated":true}]}}