{"id":1369,"date":"2015-12-02T17:49:34","date_gmt":"2015-12-02T16:49:34","guid":{"rendered":"http:\/\/www.ingeneric-gmbh.com\/de\/optical-components\/sav-2\/"},"modified":"2024-01-11T09:31:14","modified_gmt":"2024-01-11T08:31:14","slug":"slow-axis-kollimation","status":"publish","type":"page","link":"https:\/\/ingeneric.com\/de\/optik-komponenten\/slow-axis-kollimation\/","title":{"rendered":"Slow-Axis Kollimation"},"content":{"rendered":"<h3>INGENERIC SAC<\/h3>\n<p>Die Slow-Axis Kollimationsoptik dient der effizienten Strahlformung in der Slow-Axis von Diodenlasern.<\/p>\n<p>Sie besteht wahlweise aus einem monolithischen Array aus zwei Zylinderlinsen oder einer Einzellinse f\u00fcr die Einzelemitter-Kollimation. Das asph\u00e4rische Design der Optik garantiert eine effiziente Kollimation des Lichts. Dar\u00fcber hinaus erm\u00f6glicht die pr\u00e4zise Zentrierung der Linse und geringe Keilfehler, dass die Leistung der Fast-Axis nicht beeintr\u00e4chtig wird.<br \/>\nAlle Optiken werden aus hochwertigem optischen Glas gefertigt.<\/p>\n<p>&nbsp;<\/p>\n<p>&nbsp;<\/p>\n<h3>Produkt Spektrum<\/h3>\n<p>Um unseren Kunden stets die bestm\u00f6gliche optische L\u00f6sung bieten zu k\u00f6nnen, f\u00fchren wir ein breites Portfolio an Standard SAC-Linsen.<br \/>\nSpezielle Anforderungen bspw. in Bezug auf L\u00e4nge oder Supportstrukturen k\u00f6nnen kundenspezifisch angepasst werden.<\/p>\n<ul>\n<li>Vorteile<\/li>\n<li>Transmission \u00fcber 99%<\/li>\n<li>minimale Totzonen<\/li>\n<li>h\u00f6chste Pr\u00e4zision und Gleichm\u00e4\u00dfigkeit<\/li>\n<li>kundenspezifische L\u00f6sungen mit geringen Initialkosten<\/li>\n<li>wirtschaftlicher Herstellprozess, insbesondere bei gro\u00dfen Mengen<\/li>\n<li>verl\u00e4ssliche und gleichbleibende Qualit\u00e4t<\/li>\n<\/ul>\n","protected":false},"excerpt":{"rendered":"INGENERIC SAC Die Slow-Axis Kollimationsoptik dient der effizienten Strahlformung in der Slow-Axis von Diodenlasern. Sie besteht wahlweise aus einem monolithischen Array aus zwei Zylinderlinsen oder einer Einzellinse f\u00fcr die Einzelemitter-Kollimation. Das asph\u00e4rische Design der Optik garantiert eine effiziente Kollimation des Lichts. Dar\u00fcber hinaus erm\u00f6glicht die pr\u00e4zise Zentrierung der Linse und geringe Keilfehler, dass die Leistung [&hellip;]","protected":false},"author":4,"featured_media":441,"parent":1231,"menu_order":2,"comment_status":"closed","ping_status":"closed","template":"templates\/Produktseite.php","meta":{"_acf_changed":false,"footnotes":""},"class_list":["post-1369","page","type-page","status-publish","has-post-thumbnail","hentry"],"acf":[],"_links":{"self":[{"href":"https:\/\/ingeneric.com\/de\/wp-json\/wp\/v2\/pages\/1369","targetHints":{"allow":["GET"]}}],"collection":[{"href":"https:\/\/ingeneric.com\/de\/wp-json\/wp\/v2\/pages"}],"about":[{"href":"https:\/\/ingeneric.com\/de\/wp-json\/wp\/v2\/types\/page"}],"author":[{"embeddable":true,"href":"https:\/\/ingeneric.com\/de\/wp-json\/wp\/v2\/users\/4"}],"replies":[{"embeddable":true,"href":"https:\/\/ingeneric.com\/de\/wp-json\/wp\/v2\/comments?post=1369"}],"version-history":[{"count":22,"href":"https:\/\/ingeneric.com\/de\/wp-json\/wp\/v2\/pages\/1369\/revisions"}],"predecessor-version":[{"id":5688,"href":"https:\/\/ingeneric.com\/de\/wp-json\/wp\/v2\/pages\/1369\/revisions\/5688"}],"up":[{"embeddable":true,"href":"https:\/\/ingeneric.com\/de\/wp-json\/wp\/v2\/pages\/1231"}],"wp:featuredmedia":[{"embeddable":true,"href":"https:\/\/ingeneric.com\/de\/wp-json\/wp\/v2\/media\/441"}],"wp:attachment":[{"href":"https:\/\/ingeneric.com\/de\/wp-json\/wp\/v2\/media?parent=1369"}],"curies":[{"name":"wp","href":"https:\/\/api.w.org\/{rel}","templated":true}]}}