{"id":1338,"date":"2015-12-04T17:49:14","date_gmt":"2015-12-04T16:49:14","guid":{"rendered":"http:\/\/www.ingeneric-gmbh.com\/de\/optical-components\/fac\/"},"modified":"2023-06-19T10:05:20","modified_gmt":"2023-06-19T08:05:20","slug":"fast-axis-kollimation","status":"publish","type":"page","link":"https:\/\/ingeneric.com\/de\/optik-komponenten\/fast-axis-kollimation\/","title":{"rendered":"Fast-Axis Kollimation"},"content":{"rendered":"<h3>INGENERIC FAC<\/h3>\n<p>Die Fast-Axis-Kollimationsoptik ist die wichtigste optische Komponente bei der Strahlformung von Hochleistungs-Diodenlasersystemen. Die Linsen werden aus hochwertigem Glas hergestellt und haben eine asph\u00e4rische Oberfl\u00e4che. Ihre hohe numerische Apertur gestattet die Kollimation der gesamten Diodenleistung mit bester Strahlqualit\u00e4t.<br \/>\nDie hohe Transmission und die guten Kollimationseigenschaften garantieren beste Strahlformungseffizienz f\u00fcr Diodenlaser.<\/p>\n<h3>INGENERIC FAI<\/h3>\n<p>Mit Hilfe von sog. Fast-Axis Imaging-Linsen werden Emitter direkt in eine Faser oder auf eine Zielebene abgebildet. Das Design dieser FAI-Optik von INGENERIC wurde speziell f\u00fcr diese Anwendung optimiert und erlaubt somit eine effiziente, abweichungsfreie Abbildung des Emitters.<\/p>\n<p>&nbsp;<\/p>\n<h3>Produkt Spektrum<\/h3>\n<p>Um unseren Kunden stets die bestm\u00f6gliche optische L\u00f6sung bieten zu k\u00f6nnen, f\u00fchren wir ein breites Portfolio an Standard FAC-Linsen. Auf Basis unserer jahrelangen Enwicklungen bieten wir optimierte azylindrische Linsen f\u00fcr verschiedenste Applikationen an. Dank unserer hochentwickelten Technologien und umfangreichen Erfahrung sind wir au\u00dferdem in der Lage FAC-Linsen mit 90\u00b0-Umlenkung zu fertigen.<\/p>\n<p>Spezielle Anforderungen bspw. in Bezug auf L\u00e4nge oder Supportstrukturen k\u00f6nnen kundenspezifisch angepasst werden.<br \/>\nWeitere Details finden Sie in unserer Brosch\u00fcre.<\/p>\n<ul>\n<li>Vorteile<\/li>\n<li>anwendungsoptimiertes Design<\/li>\n<li>hohe numerische Apertur (NA 0.8)<\/li>\n<li>beugungsbegrenzte Kollimation<\/li>\n<li>Transmission \u00fcber 99%<\/li>\n<li>h\u00f6chste Pr\u00e4zision und Gleichm\u00e4\u00dfigkeit<\/li>\n<li>wirtschaftlicher Herstellprozess, insbesondere bei gro\u00dfen Mengen<\/li>\n<li>verl\u00e4ssliche and gleichbleibende Qualit\u00e4t<\/li>\n<\/ul>\n<p>&nbsp;<\/p>\n","protected":false},"excerpt":{"rendered":"INGENERIC FAC Die Fast-Axis-Kollimationsoptik ist die wichtigste optische Komponente bei der Strahlformung von Hochleistungs-Diodenlasersystemen. Die Linsen werden aus hochwertigem Glas hergestellt und haben eine asph\u00e4rische Oberfl\u00e4che. Ihre hohe numerische Apertur gestattet die Kollimation der gesamten Diodenleistung mit bester Strahlqualit\u00e4t. Die hohe Transmission und die guten Kollimationseigenschaften garantieren beste Strahlformungseffizienz f\u00fcr Diodenlaser. INGENERIC FAI Mit Hilfe [&hellip;]","protected":false},"author":4,"featured_media":71,"parent":1231,"menu_order":1,"comment_status":"closed","ping_status":"closed","template":"templates\/Produktseite.php","meta":{"_acf_changed":false,"footnotes":""},"class_list":["post-1338","page","type-page","status-publish","has-post-thumbnail","hentry"],"acf":[],"_links":{"self":[{"href":"https:\/\/ingeneric.com\/de\/wp-json\/wp\/v2\/pages\/1338","targetHints":{"allow":["GET"]}}],"collection":[{"href":"https:\/\/ingeneric.com\/de\/wp-json\/wp\/v2\/pages"}],"about":[{"href":"https:\/\/ingeneric.com\/de\/wp-json\/wp\/v2\/types\/page"}],"author":[{"embeddable":true,"href":"https:\/\/ingeneric.com\/de\/wp-json\/wp\/v2\/users\/4"}],"replies":[{"embeddable":true,"href":"https:\/\/ingeneric.com\/de\/wp-json\/wp\/v2\/comments?post=1338"}],"version-history":[{"count":27,"href":"https:\/\/ingeneric.com\/de\/wp-json\/wp\/v2\/pages\/1338\/revisions"}],"predecessor-version":[{"id":5338,"href":"https:\/\/ingeneric.com\/de\/wp-json\/wp\/v2\/pages\/1338\/revisions\/5338"}],"up":[{"embeddable":true,"href":"https:\/\/ingeneric.com\/de\/wp-json\/wp\/v2\/pages\/1231"}],"wp:featuredmedia":[{"embeddable":true,"href":"https:\/\/ingeneric.com\/de\/wp-json\/wp\/v2\/media\/71"}],"wp:attachment":[{"href":"https:\/\/ingeneric.com\/de\/wp-json\/wp\/v2\/media?parent=1338"}],"curies":[{"name":"wp","href":"https:\/\/api.w.org\/{rel}","templated":true}]}}