{"id":1251,"date":"2015-12-04T17:51:33","date_gmt":"2015-12-04T16:51:33","guid":{"rendered":"http:\/\/www.ingeneric-gmbh.com\/general-terms-and-conditions\/?lang=de"},"modified":"2021-12-17T14:29:52","modified_gmt":"2021-12-17T13:29:52","slug":"agb","status":"publish","type":"page","link":"https:\/\/ingeneric.com\/de\/agb\/","title":{"rendered":"Allgemeine Gesch\u00e4ftsbedingungen"},"content":{"rendered":"<h3>Bitte nehmen Sie unsere Allgemeinen Gesch\u00e4ftsbedingungen zur Kenntnis.<\/h3>\n<ul>\n<li><\/li>\n<li><a href=\"https:\/\/ingeneric.com\/wp-content\/uploads\/2021\/12\/Verhaltenskodex-fur-Lieferanten.pdf\">Verhaltenskodex f\u00fcr Lieferanten<\/a><\/li>\n<li><a href=\"https:\/\/ingeneric.com\/wp-content\/uploads\/2021\/12\/Einkaufsbedingungen.pdf\">Einkaufsbedingungen<\/a><\/li>\n<li><a href=\"https:\/\/ingeneric.com\/wp-content\/uploads\/2021\/12\/Allgemeine-Liefer-und-Servicebedingungen-.pdf\">Allgemeine Liefer- und Servicebedingungen<\/a><\/li>\n<\/ul>\n<p><br class=\"\u201cclear\u201c\" \/><br class=\"\u201cclear\u201c\" \/><\/p>\n<hr \/>\n<p>&nbsp;<\/p>\n<h3>Compliance<\/h3>\n<p>Das Vertrauen unserer Gesch\u00e4ftspartner und unserer Mitarbeiter ist uns wichtig. Dieses Vertrauen h\u00e4ngt entscheidend vom Verhalten jedes einzelnen Mitarbeiters ab. Wir alle hier bei INGENERIC sind aufgerufen, uns an Recht und Gesetz zu halten und ein ethisch einwandfreies Verhalten im Gesch\u00e4ftsverkehr zu pflegen.<br class=\"\u201cclear\u201c\" \/><br class=\"\u201cclear\u201c\" \/><em>Vertrauliche Hinweise zu Compliance-Verst\u00f6\u00dfen k\u00f6nnen per E-Mail (<a href=\"mailto:compliance@ingeneric.com\">compliance@ingeneric.com<\/a>) mitgeteilt werden. Bei Hinweisen, die in gutem Glauben abgegeben werden, wird die vertrauliche Behandlung der Identit\u00e4t des Hinweisgebenden zugesagt.<\/em><\/p>\n","protected":false},"excerpt":{"rendered":"Bitte nehmen Sie unsere Allgemeinen Gesch\u00e4ftsbedingungen zur Kenntnis. Verhaltenskodex f\u00fcr Lieferanten Einkaufsbedingungen Allgemeine Liefer- und Servicebedingungen &nbsp; Compliance Das Vertrauen unserer Gesch\u00e4ftspartner und unserer Mitarbeiter ist uns wichtig. Dieses Vertrauen h\u00e4ngt entscheidend vom Verhalten jedes einzelnen Mitarbeiters ab. Wir alle hier bei INGENERIC sind aufgerufen, uns an Recht und Gesetz zu halten und ein ethisch [&hellip;]","protected":false},"author":4,"featured_media":998,"parent":0,"menu_order":0,"comment_status":"closed","ping_status":"closed","template":"","meta":{"_acf_changed":false,"footnotes":""},"class_list":["post-1251","page","type-page","status-publish","has-post-thumbnail","hentry"],"acf":[],"_links":{"self":[{"href":"https:\/\/ingeneric.com\/de\/wp-json\/wp\/v2\/pages\/1251","targetHints":{"allow":["GET"]}}],"collection":[{"href":"https:\/\/ingeneric.com\/de\/wp-json\/wp\/v2\/pages"}],"about":[{"href":"https:\/\/ingeneric.com\/de\/wp-json\/wp\/v2\/types\/page"}],"author":[{"embeddable":true,"href":"https:\/\/ingeneric.com\/de\/wp-json\/wp\/v2\/users\/4"}],"replies":[{"embeddable":true,"href":"https:\/\/ingeneric.com\/de\/wp-json\/wp\/v2\/comments?post=1251"}],"version-history":[{"count":15,"href":"https:\/\/ingeneric.com\/de\/wp-json\/wp\/v2\/pages\/1251\/revisions"}],"predecessor-version":[{"id":4922,"href":"https:\/\/ingeneric.com\/de\/wp-json\/wp\/v2\/pages\/1251\/revisions\/4922"}],"wp:featuredmedia":[{"embeddable":true,"href":"https:\/\/ingeneric.com\/de\/wp-json\/wp\/v2\/media\/998"}],"wp:attachment":[{"href":"https:\/\/ingeneric.com\/de\/wp-json\/wp\/v2\/media?parent=1251"}],"curies":[{"name":"wp","href":"https:\/\/api.w.org\/{rel}","templated":true}]}}