{"id":1231,"date":"2016-01-11T17:34:28","date_gmt":"2016-01-11T16:34:28","guid":{"rendered":"http:\/\/www.ingeneric-gmbh.com\/optical-components\/?lang=de"},"modified":"2018-08-14T15:24:18","modified_gmt":"2018-08-14T13:24:18","slug":"optik-komponenten","status":"publish","type":"page","link":"https:\/\/ingeneric.com\/de\/optik-komponenten\/","title":{"rendered":"Optik-Komponenten"},"content":{"rendered":"<div id=\"ccchildpages-1\" class=\"ccchildpages ccflex onecol simple ccclearfix\"><div class=\"ccchildpage  ccodd ccpage-count-1 ccpage-id-1338 ccpage-fast-axis-kollimation ccpage-has-parent ccpage-pid-1231 ccpage-parent-optik-komponenten\"><h3 class=\"ccpage_title\" title=\"Fast-Axis Kollimation\">Fast-Axis Kollimation<\/h3><img decoding=\"async\" src=\"https:\/\/ingeneric.com\/wp-content\/uploads\/2015\/11\/test-image-head-150x150.jpg\" class=\"cc-child-pages-thumb wp-post-image\" alt=\"Fast-Axis Kollimation\" title=\"Fast-Axis Kollimation\" \/><div class=\"ccpages_excerpt\">INGENERIC FAC Die Fast-Axis-Kollimationsoptik ist die wichtigste optische Komponente bei der Strahlformung von Hochleistungs-Diodenlasersystemen. Die Linsen werden aus hochwertigem Glas hergestellt und haben eine asph\u00e4rische Oberfl\u00e4che. Ihre hohe numerische Apertur gestattet die Kollimation der gesamten Diodenleistung mit bester Strahlqualit\u00e4t. Die hohe Transmission und die guten Kollimationseigenschaften garantieren beste Strahlformungseffizienz f\u00fcr Diodenlaser. INGENERIC FAI Mit Hilfe...<\/div><p class=\"ccpages_more\"><a href=\"https:\/\/ingeneric.com\/de\/optik-komponenten\/fast-axis-kollimation\/\"  title=\"+view product\">+view product<\/a><\/p><\/div><div class=\"ccchildpage  cceven ccpage-count-2 ccpage-id-1369 ccpage-slow-axis-kollimation ccpage-has-parent ccpage-pid-1231 ccpage-parent-optik-komponenten\"><h3 class=\"ccpage_title\" title=\"Slow-Axis Kollimation\">Slow-Axis Kollimation<\/h3><img decoding=\"async\" src=\"https:\/\/ingeneric.com\/wp-content\/uploads\/2015\/12\/CNX2__JBI7364_2400x700-150x150.jpg\" class=\"cc-child-pages-thumb wp-post-image\" alt=\"Slow-Axis Kollimation\" title=\"Slow-Axis Kollimation\" \/><div class=\"ccpages_excerpt\">INGENERIC SAC Die Slow-Axis Kollimationsoptik dient der effizienten Strahlformung in der Slow-Axis von Diodenlasern. Sie besteht wahlweise aus einem monolithischen Array aus zwei Zylinderlinsen oder einer Einzellinse f\u00fcr die Einzelemitter-Kollimation. Das asph\u00e4rische Design der Optik garantiert eine effiziente Kollimation des Lichts. Dar\u00fcber hinaus erm\u00f6glicht die pr\u00e4zise Zentrierung der Linse und geringe Keilfehler, dass die Leistung...<\/div><p class=\"ccpages_more\"><a href=\"https:\/\/ingeneric.com\/de\/optik-komponenten\/slow-axis-kollimation\/\"  title=\"+view product\">+view product<\/a><\/p><\/div><div class=\"ccchildpage  ccodd ccpage-count-3 ccpage-id-1389 ccpage-strahlformungsoptiken ccpage-has-parent ccpage-pid-1231 ccpage-parent-optik-komponenten\"><h3 class=\"ccpage_title\" title=\"Strahlformungsoptiken\">Strahlformungsoptiken<\/h3><img decoding=\"async\" src=\"https:\/\/ingeneric.com\/wp-content\/uploads\/2015\/12\/Featured-Image-BTS-150x150.jpg\" class=\"cc-child-pages-thumb wp-post-image\" alt=\"Strahlformungsoptiken\" title=\"Strahlformungsoptiken\" \/><div class=\"ccpages_excerpt\">INGENERIC beamPROP Der INGENERIC beamPROP ist ein Linsen-Array, welches das Strahlparameter Produkt (beam parameter product \u201cBPP\u201d) der Fast- und Slow-axis von Hochleistungsdiodenlasern genau aufeinander abstimmt. Der beamPROP ist eine Schl\u00fcsselkomponente f\u00fcr die Faserkopplung von Diodenbarren die dichte Wellenl\u00e4ngen-Kopplung. Beide Applikationen stellen hohe Anforderungen an die Komponenten, welche durch die hervorragende Fertigungstechnologie von INGENERIC gew\u00e4hrleistet wird....<\/div><p class=\"ccpages_more\"><a href=\"https:\/\/ingeneric.com\/de\/optik-komponenten\/strahlformungsoptiken\/\"  title=\"+view product\">+view product<\/a><\/p><\/div><div class=\"ccchildpage  cceven ccpage-count-4 ccpage-id-1374 ccpage-kollimationsmodule ccpage-has-parent ccpage-pid-1231 ccpage-parent-optik-komponenten\"><h3 class=\"ccpage_title\" title=\"Kollimationsmodule\">Kollimationsmodule<\/h3><img decoding=\"async\" src=\"https:\/\/ingeneric.com\/wp-content\/uploads\/2024\/06\/C-Modul_BT_zugeschnitten_WEB-150x150.jpg\" class=\"cc-child-pages-thumb wp-post-image\" alt=\"Kollimationsmodule\" title=\"Kollimationsmodule\" \/><div class=\"ccpages_excerpt\">INGENERIC Kollimationsmodul (C-Module) Das Kollimationsmodul erm\u00f6glicht die effiziente Reduktion der Divergenzen in Fast- und Slow-Axis. Es besteht aus zwei Mikrooptiken, die in einem Modul h\u00f6chst pr\u00e4zise justiert und fixiert sind. Neben der optimalen Kollimation erm\u00f6glicht das Modul die einfache und preiswerte Montage von Diodenlasern. Auf Wunsch liefern wir die Module auch mit zus\u00e4tzlichen Montagefl\u00e4chen. Das...<\/div><p class=\"ccpages_more\"><a href=\"https:\/\/ingeneric.com\/de\/optik-komponenten\/kollimationsmodule\/\"  title=\"+view product\">+view product<\/a><\/p><\/div><div class=\"ccchildpage  ccodd ccpage-count-5 ccpage-id-1440 ccpage-mikrolinsen-arrays ccpage-has-parent ccpage-pid-1231 ccpage-parent-optik-komponenten\"><h3 class=\"ccpage_title\" title=\"Mikrolinsen Arrays\">Mikrolinsen Arrays<\/h3><img decoding=\"async\" src=\"https:\/\/ingeneric.com\/wp-content\/uploads\/2015\/12\/Featured-Image-MLA-150x150.jpg\" class=\"cc-child-pages-thumb wp-post-image\" alt=\"Mikrolinsen Arrays\" title=\"Mikrolinsen Arrays\" \/><div class=\"ccpages_excerpt\">Mikrolinsen-Arrays mit h\u00f6chster Formgenauigkeit finden in Applikationen Anwendung, bei denen Zuverl\u00e4ssigkeit und h\u00f6chste Effizienz entscheidende Kriterien sind. Die Anwendungen reichen von der Strahltransformation f\u00fcr die Faserkopplung \u00fcber die Homogenisierung von Laserstrahlung bis zur effizienten Kombination von Diodenstacks identischer Wellenl\u00e4nge. Die lateralen Dimensionen des Arrays reichen von einigen Millimetern im Mikroma\u00dfstab bis zu ca. 45 Millimetern...<\/div><p class=\"ccpages_more\"><a href=\"https:\/\/ingeneric.com\/de\/optik-komponenten\/mikrolinsen-arrays\/\"  title=\"+view product\">+view product<\/a><\/p><\/div><div class=\"ccchildpage  cceven ccpage-count-6 ccpage-id-4110 ccpage-asphaeren-sphaeren ccpage-has-parent ccpage-pid-1231 ccpage-parent-optik-komponenten\"><h3 class=\"ccpage_title\" title=\"Asph\u00e4ren \/ Sph\u00e4ren\">Asph\u00e4ren \/ Sph\u00e4ren<\/h3><img decoding=\"async\" src=\"https:\/\/ingeneric.com\/wp-content\/uploads\/2024\/06\/JB86934b-scaled-e1610636295511_WEB-150x150.jpg\" class=\"cc-child-pages-thumb wp-post-image\" alt=\"Asph\u00e4ren \/ Sph\u00e4ren\" title=\"Asph\u00e4ren \/ Sph\u00e4ren\" \/><div class=\"ccpages_excerpt\">Hoch-Pr\u00e4zisions-Asph\u00e4ren und Sph\u00e4ren Die Verwendung von Asph\u00e4ren bietet weitreichende Vorteile: Minimierung von Aberrationen, erh\u00f6hte Effizienz und eine Verringerung der optischen Elemente und des Gewichts der optischen Systeme. Heutzutage werden die gepressten Asph\u00e4ren von INGENERIC in den unterschiedlichsten Bildgebungsanwendungen eingesetzt. Die Nachfrage nach diesen hoch entwickelten Produkten steigt in wachsenden M\u00e4rkten wie etwa der Medizintechnik (Endoskopie,...<\/div><p class=\"ccpages_more\"><a href=\"https:\/\/ingeneric.com\/de\/optik-komponenten\/asphaeren-sphaeren\/\"  title=\"+view product\">+view product<\/a><\/p><\/div><div class=\"ccchildpage  ccodd ccpage-count-7 ccpage-id-1445 ccpage-sonderprodukte ccpage-has-parent ccpage-pid-1231 ccpage-parent-optik-komponenten\"><h3 class=\"ccpage_title\" title=\"Sonderprodukte\">Sonderprodukte<\/h3><img decoding=\"async\" src=\"https:\/\/ingeneric.com\/wp-content\/uploads\/2015\/12\/Featured-Image-Special-Products-150x150.jpg\" class=\"cc-child-pages-thumb wp-post-image\" alt=\"Sonderprodukte\" title=\"Sonderprodukte\" \/><div class=\"ccpages_excerpt\">Sonderoptik\/-systeme Sie ben\u00f6tigen eine spezielle optische Abbildung oder Intensit\u00e4tsverteilung? Von der asph\u00e4rischen Einzellinse mit optimiertem Design bis zum kompletten optischen System, das auf Ihren spezifischen Anwendungsfall angepasst ist, bieten wir Ihnen ma\u00dfgeschneiderte L\u00f6sungen. Auch hierbei folgen wir unserer Devise: Einzeloptik wie Komplettsystem werden von uns zu 100% einem anwendungsidentischen Testzyklus unterworfen. So stellen wir durch...<\/div><p class=\"ccpages_more\"><a href=\"https:\/\/ingeneric.com\/de\/optik-komponenten\/sonderprodukte\/\"  title=\"+view product\">+view product<\/a><\/p><\/div><\/div>\n<p>&nbsp;<\/p>\n<p>&nbsp;<\/p>\n<p>&nbsp;<\/p>\n<p>&nbsp;<\/p>\n<p>&nbsp;<\/p>\n","protected":false},"excerpt":{"rendered":"&nbsp; &nbsp; &nbsp; &nbsp; &nbsp;","protected":false},"author":4,"featured_media":1000,"parent":0,"menu_order":0,"comment_status":"closed","ping_status":"closed","template":"","meta":{"_acf_changed":false,"footnotes":""},"class_list":["post-1231","page","type-page","status-publish","has-post-thumbnail","hentry"],"acf":[],"_links":{"self":[{"href":"https:\/\/ingeneric.com\/de\/wp-json\/wp\/v2\/pages\/1231","targetHints":{"allow":["GET"]}}],"collection":[{"href":"https:\/\/ingeneric.com\/de\/wp-json\/wp\/v2\/pages"}],"about":[{"href":"https:\/\/ingeneric.com\/de\/wp-json\/wp\/v2\/types\/page"}],"author":[{"embeddable":true,"href":"https:\/\/ingeneric.com\/de\/wp-json\/wp\/v2\/users\/4"}],"replies":[{"embeddable":true,"href":"https:\/\/ingeneric.com\/de\/wp-json\/wp\/v2\/comments?post=1231"}],"version-history":[{"count":4,"href":"https:\/\/ingeneric.com\/de\/wp-json\/wp\/v2\/pages\/1231\/revisions"}],"predecessor-version":[{"id":2815,"href":"https:\/\/ingeneric.com\/de\/wp-json\/wp\/v2\/pages\/1231\/revisions\/2815"}],"wp:featuredmedia":[{"embeddable":true,"href":"https:\/\/ingeneric.com\/de\/wp-json\/wp\/v2\/media\/1000"}],"wp:attachment":[{"href":"https:\/\/ingeneric.com\/de\/wp-json\/wp\/v2\/media?parent=1231"}],"curies":[{"name":"wp","href":"https:\/\/api.w.org\/{rel}","templated":true}]}}