{"id":1215,"date":"2015-12-04T17:48:40","date_gmt":"2015-12-04T16:48:40","guid":{"rendered":"http:\/\/www.ingeneric-gmbh.com\/career\/?lang=de"},"modified":"2026-03-26T11:06:06","modified_gmt":"2026-03-26T10:06:06","slug":"karriere","status":"publish","type":"page","link":"https:\/\/ingeneric.com\/de\/karriere\/","title":{"rendered":"Karriere"},"content":{"rendered":"<h3>Sind Sie auf der Suche nach mehr als nur einem Job?<\/h3>\n<hr \/>\n<p>Dann sind Sie bei uns genau richtig! Wenn Sie Teil unseres Teams werden, haben Sie die M\u00f6glichkeit, im Bereich Photonik f\u00fcr einen der weltweit f\u00fchrenden Hersteller von optischen Komponenten und Systemen zu arbeiten. <br class=\"\u201cclear\u201c\" \/><br class=\"\u201cclear\u201c\" \/>Kernkompetenz unseres Unternehmens ist die Entwicklung und Produktion von hochpr\u00e4zisen Mikrooptiken und Linsen-Arrays, die mittels des sogenannten \u201ePr\u00e4zisionsblankpressens\u201c hergestellt werden. Zahlreiche internationale Unternehmen aus der Laser- und Sensortechnologie, der optischen Datenkommunikation sowie der Healthcare- und Automobilindustrie z\u00e4hlen zu unseren Kunden. Dar\u00fcber hinaus werden unsere Mikrooptiken und Linsen-Arrays in zukunftsweisenden Wachstumsm\u00e4rkten, darunter Industrial Lidar und Virtual Reality, eingesetzt. <br class=\"\u201cclear\u201c\" \/><br class=\"\u201cclear\u201c\" \/>Wir arbeiten mit motivierten Kollegen und international angesehenen Kunden in einem stetig wachsenden Unternehmen und erm\u00f6glichen auch neuen Mitarbeitern hervorragende Entwicklungsperspektiven.<br \/>\n<br class=\"\u201cclear\u201c\" \/><br class=\"\u201cclear\u201c\" \/><\/p>\n<h3>Werden Sie Teil unseres Teams!<\/h3>\n<hr \/>\n<p>Als dynamisches Unternehmen suchen wir kreative und verantwortungsvoll arbeitende Pers\u00f6nlichkeiten, die durch frisches Denken und tatkr\u00e4ftiges Handeln etwas bewegen wollen.<\/p>\n<p><br class=\"\u201cclear\u201c\" \/><br class=\"\u201cclear\u201c\" \/>Ob Sie bereits langj\u00e4hrige Berufserfahrung haben oder die ersten Schritte ins Berufsleben unternehmen: Wir setzen auf qualifizierte und engagierte Kandidatinnen und Kandidaten aus allen Fachgebieten.<\/p>\n<p><br class=\"\u201cclear\u201c\" \/><br class=\"\u201cclear\u201c\" \/>INGENERIC verspricht Ihnen nicht nur interessante Aufgabenfelder, sondern auch eine Vielzahl von Vorteilen, die Ihren Arbeitsalltag angenehmer gestalten, z. B. einen betriebseigenen Parkplatz, betriebliche Gesundheitsma\u00dfnahmen, individuelle Schulungsangebote, flexible Arbeitszeiten, mobiles Arbeiten und finanziellen Zulagen (teilweise abh\u00e4ngig von der jeweiligen Position und nach individueller Absprache), moderne Arbeitsplatzausstattung, Unternehmens- und Teamevents, Mitarbeiter-Rabatte, frisches Obst sowie Barrierefreiheit.<\/p>\n<p><br class=\"\u201cclear\u201c\" \/><br class=\"\u201cclear\u201c\" \/><\/p>\n<h3>Ihre Bewerbung<\/h3>\n<hr \/>\n<p>Eine stets aktuelle \u00dcbersicht unserer vakanten Stellenangebote sowie die M\u00f6glichkeit zur direkten Bewerbung, finden Sie in unserem <a href=\"https:\/\/ingenericgmbh.scope-recruiting.de\/?page=jobs&amp;&amp;preview=1\">Stellenportal<\/a>. Unsere Stellenausschreibungen richten sich sowohl an erfahrene Fach- und F\u00fchrungskr\u00e4fte als auch an Quereinsteiger. Wir hei\u00dfen zudem Initiativbewerbungen von Kandidaten aus verschiedenen Bereichen, die Lust auf eine neue Herausforderung haben, herzlich willkommen.<\/p>\n<p><br class=\"\u201cclear\u201c\" \/><br class=\"\u201cclear\u201c\" \/>Falls Sie Fragen zu einer konkreten Stelle haben, steht Ihnen unser HR Team gerne per <a href=\"mailto:bewerbung@ingeneric.com\">E-Mail<\/a> sowie telefonisch unter +49 2401 \/ 804 70400 zur Verf\u00fcgung.<\/p>\n<p><br class=\"\u201cclear\u201c\" \/><br class=\"\u201cclear\u201c\" \/><\/p>\n<h2>Wir freuen uns auf Ihre Bewerbung!<\/h2>\n<p>&nbsp;<\/p>\n<h4 id=\"Datenschutz\"><strong><a href=\"#Datenschutz\">Hinweise zum Datenschutz<\/a><\/strong><\/h4>\n<p><strong>Vertraulichkeit von unverschl\u00fcsselten E-Mails<\/strong><br class=\"\u201cclear\u201c\" \/>Falls Sie uns Ihre Bewerbung per E-Mail zusenden m\u00f6chten, beachten Sie bitte die nachfolgenden Hinweise:<br \/>\nE-Mails sind bez\u00fcglich der Vertraulichkeit vergleichbar mit einer Postkarte. Es kann nicht gew\u00e4hrleistet werden, dass Ihre Bewerbung auf dem Weg vom Sender zum Empf\u00e4nger vertraulich bleibt. Sofern Sie mit dieser m\u00f6glichen Gef\u00e4hrdung nicht einverstanden sind, senden Sie uns Ihre Bewerbung bitte per Briefpost.<br class=\"\u201cclear\u201c\" \/><br class=\"\u201cclear\u201c\" \/><\/p>\n<p><strong>Speicherung personenbezogener Daten im Rahmen des Bewerbungsverfahrens<\/strong><br class=\"\u201cclear\u201c\" \/>Ihre Bewerbung und die darin enthaltenen personenbezogenen Daten werden nur f\u00fcr den Zweck des Bewerbungsverfahrens und unter Beachtung der EU-Datenschutz-Grundverordnung (EU-DS-GVO) gespeichert, verarbeitet und genutzt.<br class=\"\u201cclear\u201c\" \/><br class=\"\u201cclear\u201c\" \/><\/p>\n<p>Eine Weitergabe Ihrer Daten findet nicht statt. Ihre Daten werden nach Abschluss des Bewerbungsverfahrens und nach Ablauf der darauf folgenden gesetzlichen Aufbewahrungsfristen, sp\u00e4testens zwei Monate nach Stellenbesetzung gel\u00f6scht.<br \/>\nEine vorzeitige L\u00f6schung\/ Vernichtung Ihrer Daten\/ Unterlagen ist nur m\u00f6glich, wenn Sie vom Bewerbungsverfahren zur\u00fccktreten. Eine Berichtigung Ihrer Daten ist jederzeit m\u00f6glich. Bitte wenden Sie sich in beiden F\u00e4llen schriftlich an den o.g. Verantwortlichen.<br \/>\nEine R\u00fccksendung der eingereichten gedruckten Bewerbungsunterlagen erfolgt nicht. Wir vernichten Ihre Unterlagen nach der vorgenannten Frist.<\/p>\n<p><br class=\"\u201cclear\u201c\" \/><br class=\"\u201cclear\u201c\" \/><strong>Datenschutzbeauftragter<\/strong>:<\/p>\n<p>MKM Datenschutz GmbH<br \/>\n\u00c4u\u00dfere Sulzbacher Str. 118<br \/>\n90491 N\u00fcrnberg<br \/>\nAnsprechpartner Robert Postler<br \/>\nE-Mail: postler@mkm-partner.de oder datenschutz@ingeneric.com<\/p>\n<p><br class=\"\u201cclear\u201c\" \/><br class=\"\u201cclear\u201c\" \/><\/p>\n<p>&nbsp;<\/p>\n","protected":false},"excerpt":{"rendered":"Sind Sie auf der Suche nach mehr als nur einem Job? Dann sind Sie bei uns genau richtig! Wenn Sie Teil unseres Teams werden, haben Sie die M\u00f6glichkeit, im Bereich Photonik f\u00fcr einen der weltweit f\u00fchrenden Hersteller von optischen Komponenten und Systemen zu arbeiten. Kernkompetenz unseres Unternehmens ist die Entwicklung und Produktion von hochpr\u00e4zisen Mikrooptiken [&hellip;]","protected":false},"author":4,"featured_media":5929,"parent":0,"menu_order":0,"comment_status":"closed","ping_status":"closed","template":"templates\/Career.php","meta":{"_acf_changed":false,"footnotes":""},"class_list":["post-1215","page","type-page","status-publish","has-post-thumbnail","hentry"],"acf":[],"_links":{"self":[{"href":"https:\/\/ingeneric.com\/de\/wp-json\/wp\/v2\/pages\/1215","targetHints":{"allow":["GET"]}}],"collection":[{"href":"https:\/\/ingeneric.com\/de\/wp-json\/wp\/v2\/pages"}],"about":[{"href":"https:\/\/ingeneric.com\/de\/wp-json\/wp\/v2\/types\/page"}],"author":[{"embeddable":true,"href":"https:\/\/ingeneric.com\/de\/wp-json\/wp\/v2\/users\/4"}],"replies":[{"embeddable":true,"href":"https:\/\/ingeneric.com\/de\/wp-json\/wp\/v2\/comments?post=1215"}],"version-history":[{"count":197,"href":"https:\/\/ingeneric.com\/de\/wp-json\/wp\/v2\/pages\/1215\/revisions"}],"predecessor-version":[{"id":7398,"href":"https:\/\/ingeneric.com\/de\/wp-json\/wp\/v2\/pages\/1215\/revisions\/7398"}],"wp:featuredmedia":[{"embeddable":true,"href":"https:\/\/ingeneric.com\/de\/wp-json\/wp\/v2\/media\/5929"}],"wp:attachment":[{"href":"https:\/\/ingeneric.com\/de\/wp-json\/wp\/v2\/media?parent=1215"}],"curies":[{"name":"wp","href":"https:\/\/api.w.org\/{rel}","templated":true}]}}