{"id":1210,"date":"2015-12-04T17:48:33","date_gmt":"2015-12-04T16:48:33","guid":{"rendered":"http:\/\/www.ingeneric-gmbh.com\/expertise-and-quality\/?lang=de"},"modified":"2025-01-08T12:59:39","modified_gmt":"2025-01-08T11:59:39","slug":"qualitaet","status":"publish","type":"page","link":"https:\/\/ingeneric.com\/de\/qualitaet\/","title":{"rendered":"Qualit\u00e4t"},"content":{"rendered":"<h3>Qualit\u00e4t \u2013 Made in Germany<\/h3>\n<p>Wir legen gro\u00dfen Wert auf ein sorgf\u00e4ltiges <a href=\"https:\/\/ingeneric.com\/wp-content\/uploads\/2024\/08\/Qualitaets-_und_Energiepolitik_INGENERIC.pdf\">Qualit\u00e4ts- und Energiemanagement<\/a>.<br \/>\nDie Optiken und optischen Systeme werden innerhalb der Fertigungslinie gem\u00e4\u00df ihren spezifischen, die Funktion bestimmenden Gr\u00f6\u00dfen charakterisiert.<\/p>\n<p><br class=\"\u201cclear\u201c\" \/><br class=\"\u201cclear\u201c\" \/>Durch die Messung im Strahlengang stellen wir sicher, dass zu dem sp\u00e4teren Einsatz der Optiken in der tats\u00e4chlichen Anwendung keine Abweichungen auftreten. In Kombination mit unserer zuverl\u00e4ssigen Fertigungstechnologie und Montagetechnik garantieren wir auf diese Weise unseren Kunden einwandfreie Optiken mit herausragenden Eigenschaften.<br \/>\n<br class=\"\u201cclear\u201c\" \/><br class=\"\u201cclear\u201c\" \/><\/p>\n<h4>Qualit\u00e4tsmanagement nach DIN ISO 9001:2015<\/h4>\n<p><a href=\"https:\/\/ingeneric.com\/wp-content\/uploads\/2023\/10\/ISO9001_Zertifikat.pdf\"><img loading=\"lazy\" decoding=\"async\" class=\"wp-image-5481 alignright\" src=\"https:\/\/ingeneric.com\/wp-content\/uploads\/2023\/10\/ISO9001_Zertifikat-250x349.jpg\" alt=\"DIN ISO 9001:2015 Zertifikat\" width=\"164\" height=\"228\" srcset=\"https:\/\/ingeneric.com\/wp-content\/uploads\/2023\/10\/ISO9001_Zertifikat-250x349.jpg 250w, https:\/\/ingeneric.com\/wp-content\/uploads\/2023\/10\/ISO9001_Zertifikat-120x168.jpg 120w, https:\/\/ingeneric.com\/wp-content\/uploads\/2023\/10\/ISO9001_Zertifikat.jpg 633w\" sizes=\"auto, (max-width: 164px) 100vw, 164px\" \/><\/a><br \/>\nVern\u00fcnftige Arbeitsprozesse in allen Abteilungen bilden die Grundlage f\u00fcr die Produktqualit\u00e4t. Ein Qualit\u00e4tsmanagementsystem definiert Verantwortlichkeiten<br \/>\nf\u00fcr qualit\u00e4tsrelevante Aktivit\u00e4ten und verbindliche Verfahren.\u00a0Mit einer durchg\u00e4ngig gepflegten Datenbank und kontinuierlichen Verbesserungsprozessen (KVP)<br \/>\nstellt INGENERIC die Verl\u00e4sslichkeit f\u00fcr seine Kunden sicher. Wir bearbeiten routinem\u00e4\u00dfig Lieferantenanfragen unserer Kunden und demonstrieren umfassend<br \/>\nunser Qualit\u00e4tsversprechen. Unser anhaltendes Engagement f\u00fcr h\u00f6chste Qualit\u00e4ts-<br \/>\nstandards, Effizienz und Kundenzufriedenheit wird regelm\u00e4\u00dfig nach den neuesten<br \/>\nQualit\u00e4tsmanagementstandards gem\u00e4\u00df DIN ISO 9001:2015 gepr\u00fcft und zertifiziert.<br \/>\n<br class=\"\u201cclear\u201c\" \/><br class=\"\u201cclear\u201c\" \/><\/p>\n<h4>Energiemanagement nach DIN EN ISO 50001<\/h4>\n<a href=\"https:\/\/ingeneric.com\/wp-content\/uploads\/2024\/12\/Thumbnail_Zertifikat_ISO50001_DE.png\"><img loading=\"lazy\" decoding=\"async\" class=\"alignright wp-image-6724\" src=\"https:\/\/ingeneric.com\/wp-content\/uploads\/2024\/12\/Thumbnail_Zertifikat_ISO50001_DE.png\" alt=\"\" width=\"167\" height=\"240\" srcset=\"https:\/\/ingeneric.com\/wp-content\/uploads\/2024\/12\/Thumbnail_Zertifikat_ISO50001_DE.png 568w, https:\/\/ingeneric.com\/wp-content\/uploads\/2024\/12\/Thumbnail_Zertifikat_ISO50001_DE-250x360.png 250w, https:\/\/ingeneric.com\/wp-content\/uploads\/2024\/12\/Thumbnail_Zertifikat_ISO50001_DE-120x173.png 120w\" sizes=\"auto, (max-width: 167px) 100vw, 167px\" \/><\/a>\n<p>Seit 2016 hat INGENERIC f\u00fcr den Geltungsbereich Entwicklung und Produktion von Mikro-Optiken, optischen Systemen und Lasersystemen ein Energiemanagement-<br \/>\nsystem nach DIN EN ISO 50001 implementiert. Die \u00dcbernahme wirtschaftlicher und \u00f6kologischer Verantwortung ist Teil unserer Unternehmensphilosophie. Ein systematisches Energiemanagement verbessert die Transparenz, erm\u00f6glicht somit ein fundiertes Energiekostencontrolling und deckt Einsparpotenziale auf. Neben den wirtschaftlichen Vorteilen &#8211; auch f\u00fcr unsere Kunden &#8211; tragen wir somit zu Ressourcenerhaltung und Umweltschutz bei.<br \/>\n<br class=\"\u201cclear\u201c\" \/><br class=\"\u201cclear\u201c\" \/><br class=\"\u201cclear\u201c\" \/><\/p>\n<h3><\/h3>\n<h3>Kompetenzen<\/h3>\n<p>Kernkompetenz von INGENERIC ist die Entwicklung und Produktion von hochpr\u00e4zisen Mikrooptiken und Linsen-Arrays, die mittels des sogenannten \u201ePr\u00e4zisionsblankpressens\u201c hergestellt werden. Durch die Kombination eines umfangreichen Produktportfolios und einer innovativen Fertigungstechnologie, haben wir uns in den vergangenen Jahren zu einem der weltweit f\u00fchrenden Hersteller in der Optikindustrie entwickelt.<\/p>\n<p>INGENERIC bietet Ihnen verl\u00e4ssliche und umfangreiche Expertise zur Entwicklung und Umsetzung intelligenter optischer L\u00f6sungen. Wir verstehen uns als Entwicklungspartner unserer Kunden &#8211; immer mit dem Ziel, die bestm\u00f6gliche optische L\u00f6sung f\u00fcr jede Herausforderung herbeizuf\u00fchren.<br \/>\n<br class=\"\u201cclear\u201c\" \/><br class=\"\u201cclear\u201c\" \/><\/p>\n<h4>Unsere Technologien<\/h4>\n<p><img loading=\"lazy\" decoding=\"async\" class=\"alignright wp-image-5506\" src=\"https:\/\/ingeneric.com\/wp-content\/uploads\/2023\/10\/INGENERIC_High_Precision_Molding_2-250x375.jpg\" alt=\"\" width=\"159\" height=\"238\" srcset=\"https:\/\/ingeneric.com\/wp-content\/uploads\/2023\/10\/INGENERIC_High_Precision_Molding_2-250x375.jpg 250w, https:\/\/ingeneric.com\/wp-content\/uploads\/2023\/10\/INGENERIC_High_Precision_Molding_2-700x1051.jpg 700w, https:\/\/ingeneric.com\/wp-content\/uploads\/2023\/10\/INGENERIC_High_Precision_Molding_2-768x1153.jpg 768w, https:\/\/ingeneric.com\/wp-content\/uploads\/2023\/10\/INGENERIC_High_Precision_Molding_2-1023x1536.jpg 1023w, https:\/\/ingeneric.com\/wp-content\/uploads\/2023\/10\/INGENERIC_High_Precision_Molding_2-120x180.jpg 120w, https:\/\/ingeneric.com\/wp-content\/uploads\/2023\/10\/INGENERIC_High_Precision_Molding_2.jpg 1200w\" sizes=\"auto, (max-width: 159px) 100vw, 159px\" \/><br \/>\nWir blicken auf eine langj\u00e4hrige Erfahrung in einem umfassenden Spektrum an Herstell- und Montageverfahren zur\u00fcck. Unser Technologieportfolio umfasst neben<br \/>\nder Ultra-Pr\u00e4zisionsbearbeitung und Mikro-Strukturierung kleiner Serien auch die massentaugliche Ultra-Pr\u00e4zisions-Hei\u00dfformgebung.<\/p>\n<p><br class=\"\u201cclear\u201c\" \/><br class=\"\u201cclear\u201c\" \/>Mittels dieses breit aufgestellten Technologieportfolios sind wir in der Lage, in allen Bereichen vielf\u00e4ltige L\u00f6sungen anzubieten:<br \/>\nVerschiedenste Materialen, flexible Geometrien, kundenspezifische Integration und Montage, die Herstellung kosteng\u00fcnstiger Prototypen und Kleinserien ebenso wie Massenproduktion optischer Komponenten \u2013 wir bieten unseren Kunden h\u00f6chste Flexibilit\u00e4t &#8211; und das alles nat\u00fcrlich in Hochpr\u00e4zision.<\/p>\n<p><br class=\"\u201cclear\u201c\" \/><br class=\"\u201cclear\u201c\" \/><\/p>\n","protected":false},"excerpt":{"rendered":"Qualit\u00e4t \u2013 Made in Germany Wir legen gro\u00dfen Wert auf ein sorgf\u00e4ltiges Qualit\u00e4ts- und Energiemanagement. Die Optiken und optischen Systeme werden innerhalb der Fertigungslinie gem\u00e4\u00df ihren spezifischen, die Funktion bestimmenden Gr\u00f6\u00dfen charakterisiert. Durch die Messung im Strahlengang stellen wir sicher, dass zu dem sp\u00e4teren Einsatz der Optiken in der tats\u00e4chlichen Anwendung keine Abweichungen auftreten. In [&hellip;]","protected":false},"author":4,"featured_media":997,"parent":0,"menu_order":0,"comment_status":"closed","ping_status":"closed","template":"","meta":{"_acf_changed":false,"footnotes":""},"class_list":["post-1210","page","type-page","status-publish","has-post-thumbnail","hentry"],"acf":[],"_links":{"self":[{"href":"https:\/\/ingeneric.com\/de\/wp-json\/wp\/v2\/pages\/1210","targetHints":{"allow":["GET"]}}],"collection":[{"href":"https:\/\/ingeneric.com\/de\/wp-json\/wp\/v2\/pages"}],"about":[{"href":"https:\/\/ingeneric.com\/de\/wp-json\/wp\/v2\/types\/page"}],"author":[{"embeddable":true,"href":"https:\/\/ingeneric.com\/de\/wp-json\/wp\/v2\/users\/4"}],"replies":[{"embeddable":true,"href":"https:\/\/ingeneric.com\/de\/wp-json\/wp\/v2\/comments?post=1210"}],"version-history":[{"count":35,"href":"https:\/\/ingeneric.com\/de\/wp-json\/wp\/v2\/pages\/1210\/revisions"}],"predecessor-version":[{"id":6806,"href":"https:\/\/ingeneric.com\/de\/wp-json\/wp\/v2\/pages\/1210\/revisions\/6806"}],"wp:featuredmedia":[{"embeddable":true,"href":"https:\/\/ingeneric.com\/de\/wp-json\/wp\/v2\/media\/997"}],"wp:attachment":[{"href":"https:\/\/ingeneric.com\/de\/wp-json\/wp\/v2\/media?parent=1210"}],"curies":[{"name":"wp","href":"https:\/\/api.w.org\/{rel}","templated":true}]}}