{"id":1205,"date":"2015-12-03T10:04:54","date_gmt":"2015-12-03T09:04:54","guid":{"rendered":"http:\/\/www.ingeneric-gmbh.com\/company\/?lang=de"},"modified":"2024-07-02T15:43:48","modified_gmt":"2024-07-02T13:43:48","slug":"unternehmen","status":"publish","type":"page","link":"https:\/\/ingeneric.com\/de\/unternehmen\/","title":{"rendered":"Unternehmen"},"content":{"rendered":"<h3>Ingenious beam shaping by INGENERIC<\/h3>\n<p>Mit rund 20 Jahren Erfahrung in Entwicklung und Produktion geh\u00f6ren wir heute mit zu den weltweit f\u00fchrenden Herstellern von Mikro-Optiken f\u00fcr die Halbleiterindustrie.<br \/>\n<br class=\"\u201cclear\u201c\" \/><br class=\"\u201cclear\u201c\" \/>Dar\u00fcber hinaus haben wir uns auf das Design und die Herstellung von optischen Systemen f\u00fcr die wissenschaftliche Forschung, verschiedene Industriezweige, medizinische Anwendungen, Datenkommunikation sowie auf dem Gebiet der Bildgebungs- und Sensortechnologie spezialisiert. Unser Team von Experten aus den Bereichen Optik, Mechanik und Elektronik garantieren nicht nur unser Streben nach Innovation, sondern auch h\u00f6chste Prozessstabilit\u00e4t und Sicherheit w\u00e4hrend des Betriebs.<br \/>\n<br class=\"\u201cclear\u201c\" \/><br class=\"\u201cclear\u201c\" \/><a href=\"https:\/\/ingeneric.com\/wp-content\/uploads\/2024\/06\/Pressen-Pruefung_Detail-02_WEB.jpg\"><img loading=\"lazy\" decoding=\"async\" class=\"alignright wp-image-5926 size-medium\" src=\"https:\/\/ingeneric.com\/wp-content\/uploads\/2024\/06\/Pressen-Pruefung_Detail-02_WEB-250x250.jpg\" alt=\"\" width=\"250\" height=\"250\" srcset=\"https:\/\/ingeneric.com\/wp-content\/uploads\/2024\/06\/Pressen-Pruefung_Detail-02_WEB-250x250.jpg 250w, https:\/\/ingeneric.com\/wp-content\/uploads\/2024\/06\/Pressen-Pruefung_Detail-02_WEB-700x700.jpg 700w, https:\/\/ingeneric.com\/wp-content\/uploads\/2024\/06\/Pressen-Pruefung_Detail-02_WEB-150x150.jpg 150w, https:\/\/ingeneric.com\/wp-content\/uploads\/2024\/06\/Pressen-Pruefung_Detail-02_WEB-768x768.jpg 768w, https:\/\/ingeneric.com\/wp-content\/uploads\/2024\/06\/Pressen-Pruefung_Detail-02_WEB-1536x1536.jpg 1536w, https:\/\/ingeneric.com\/wp-content\/uploads\/2024\/06\/Pressen-Pruefung_Detail-02_WEB-120x120.jpg 120w, https:\/\/ingeneric.com\/wp-content\/uploads\/2024\/06\/Pressen-Pruefung_Detail-02_WEB.jpg 1920w\" sizes=\"auto, (max-width: 250px) 100vw, 250px\" \/><\/a><br \/>\nWarum also stehen unsere Optiken f\u00fcr \u00fcberzeugende Qualit\u00e4t? Weil wir uns mit unserer ganzen Erfahrung und unserem Wissen auf die Entwicklung und Herstellung von optischen L\u00f6sungen, sowie die Optimierung und Erweiterung unserer Technologien konzentrieren. Vom Prototypen \u00fcber die Kleinserie bis hin zur Serienproduktion bieten wir ma\u00dfgeschneiderte L\u00f6sungen f\u00fcr Ihre Anwendung &#8211; immer mit dem Anspruch, Sie bei der erfolgreichen Umsetzung Ihrer Produktideen partnerschaftlich zu begleiten.<\/p>\n<h2>We intensify your light!<\/h2>\n","protected":false},"excerpt":{"rendered":"Ingenious beam shaping by INGENERIC Mit rund 20 Jahren Erfahrung in Entwicklung und Produktion geh\u00f6ren wir heute mit zu den weltweit f\u00fchrenden Herstellern von Mikro-Optiken f\u00fcr die Halbleiterindustrie. Dar\u00fcber hinaus haben wir uns auf das Design und die Herstellung von optischen Systemen f\u00fcr die wissenschaftliche Forschung, verschiedene Industriezweige, medizinische Anwendungen, Datenkommunikation sowie auf dem Gebiet [&hellip;]","protected":false},"author":4,"featured_media":1079,"parent":0,"menu_order":0,"comment_status":"closed","ping_status":"closed","template":"","meta":{"_acf_changed":false,"footnotes":""},"class_list":["post-1205","page","type-page","status-publish","has-post-thumbnail","hentry"],"acf":[],"_links":{"self":[{"href":"https:\/\/ingeneric.com\/de\/wp-json\/wp\/v2\/pages\/1205","targetHints":{"allow":["GET"]}}],"collection":[{"href":"https:\/\/ingeneric.com\/de\/wp-json\/wp\/v2\/pages"}],"about":[{"href":"https:\/\/ingeneric.com\/de\/wp-json\/wp\/v2\/types\/page"}],"author":[{"embeddable":true,"href":"https:\/\/ingeneric.com\/de\/wp-json\/wp\/v2\/users\/4"}],"replies":[{"embeddable":true,"href":"https:\/\/ingeneric.com\/de\/wp-json\/wp\/v2\/comments?post=1205"}],"version-history":[{"count":18,"href":"https:\/\/ingeneric.com\/de\/wp-json\/wp\/v2\/pages\/1205\/revisions"}],"predecessor-version":[{"id":5928,"href":"https:\/\/ingeneric.com\/de\/wp-json\/wp\/v2\/pages\/1205\/revisions\/5928"}],"wp:featuredmedia":[{"embeddable":true,"href":"https:\/\/ingeneric.com\/de\/wp-json\/wp\/v2\/media\/1079"}],"wp:attachment":[{"href":"https:\/\/ingeneric.com\/de\/wp-json\/wp\/v2\/media?parent=1205"}],"curies":[{"name":"wp","href":"https:\/\/api.w.org\/{rel}","templated":true}]}}