{"id":1191,"date":"2015-12-04T17:48:03","date_gmt":"2015-12-04T16:48:03","guid":{"rendered":"http:\/\/www.ingeneric-gmbh.com\/about-us\/?lang=de"},"modified":"2024-09-20T11:41:19","modified_gmt":"2024-09-20T09:41:19","slug":"ueber-uns","status":"publish","type":"page","link":"https:\/\/ingeneric.com\/de\/ueber-uns\/","title":{"rendered":"\u00dcber uns"},"content":{"rendered":"<h3>Unternehmensprofil<\/h3>\n<p>Die INGENERIC GmbH wurde im Jahr 2001 gegr\u00fcndet. Das Unternehmen z\u00e4hlt heute rund 100 Mitarbeiter als Schl\u00fcssel zu seinem Erfolg.<\/p>\n<p><br class=\"\u201cclear\u201c\" \/><br class=\"\u201cclear\u201c\" \/>Hauptsitz <a href=\"https:\/\/ingeneric.com\/wp-content\/uploads\/2024\/06\/INGENERIC-Production1_WEB.jpg\"><img loading=\"lazy\" decoding=\"async\" class=\"alignright wp-image-5922 size-medium\" src=\"https:\/\/ingeneric.com\/wp-content\/uploads\/2024\/06\/INGENERIC-Production1_WEB-250x168.jpg\" alt=\"\" width=\"250\" height=\"168\" srcset=\"https:\/\/ingeneric.com\/wp-content\/uploads\/2024\/06\/INGENERIC-Production1_WEB-250x168.jpg 250w, https:\/\/ingeneric.com\/wp-content\/uploads\/2024\/06\/INGENERIC-Production1_WEB-700x470.jpg 700w, https:\/\/ingeneric.com\/wp-content\/uploads\/2024\/06\/INGENERIC-Production1_WEB-768x515.jpg 768w, https:\/\/ingeneric.com\/wp-content\/uploads\/2024\/06\/INGENERIC-Production1_WEB-1536x1030.jpg 1536w, https:\/\/ingeneric.com\/wp-content\/uploads\/2024\/06\/INGENERIC-Production1_WEB-120x81.jpg 120w, https:\/\/ingeneric.com\/wp-content\/uploads\/2024\/06\/INGENERIC-Production1_WEB.jpg 1920w\" sizes=\"auto, (max-width: 250px) 100vw, 250px\" \/><\/a>und Produktionsst\u00e4tte befinden sich in Baesweiler innerhalb der Hochtechnologie-Region Aachen. INGENERIC entwickelt und fertigt pr\u00e4zise Mikrooptiken und optische Systeme f\u00fcr eine Vielzahl von Anwendungen und M\u00e4rkten.<br class=\"\u201cclear\u201c\" \/><br class=\"\u201cclear\u201c\" \/>F\u00fcr Kunden weltweit bietet INGENERIC dabei die Abdeckung der vollst\u00e4ndigen Prozesskette: Beginnend bei Optik- und Systemdesign \u00fcber Prototypen- und Kleinserienfertigung bis hin zur Massenproduktion.<br \/>\n<br class=\"\u201cclear\u201c\" \/><br class=\"\u201cclear\u201c\" \/><\/p>\n<p><span class=\"VIiyi\" lang=\"de\"><span class=\"JLqJ4b ChMk0b\" data-language-for-alternatives=\"de\" data-language-to-translate-into=\"en\" data-phrase-index=\"0\">Ein wichtiger Schritt f\u00fcr INGENERIC war die Akquisition von Aixtooling im Jahr 2019. Mit seiner Expertise im Bereich des Pr\u00e4zisionsblankpressens sowie des Werkzeugbaus erg\u00e4nzt Aixtooling die Kompetenzen von INGENERIC perfekt.<\/span><\/span><\/p>\n<p><span class=\"VIiyi\" lang=\"de\"><span class=\"JLqJ4b ChMk0b\" data-language-for-alternatives=\"de\" data-language-to-translate-into=\"en\" data-phrase-index=\"1\">In demselben Jahr ist INGENERIC von der Stadt Aachen in eine eigene neue Produktionsst\u00e4tte in Baesweiler umgezogen &#8211; jetzt mit deutlich erweiterten Kapazit\u00e4ten, die dem Unternehmen weiteres Wachstum erm\u00f6glichen sollen.<\/span><\/span><\/p>\n<p>Auch mithilfe des einzigartigen Technologie-Portfolio entwickelte sich INGENERIC somit einer der f\u00fchrenden Hersteller f\u00fcr Strahlformungs-Optiken f\u00fcr Halbleiter-Diodenlaser.<br \/>\n<br class=\"\u201cclear\u201c\" \/><br class=\"\u201cclear\u201c\" \/><br class=\"\u201cclear\u201c\" \/><\/p>\n<h3>Branchenl\u00f6sungen<\/h3>\n<p>Neue Potenziale identifizieren und neue M\u00e4rkte erobern ist oberstes Ziel. Folgende Industriezweige stehen dabei besonders im Fokus:<\/p>\n<h4><strong>Optische Komponenten f\u00fcr Dioden-Laser<\/strong><\/h4>\n<p><span class=\"VIiyi\" lang=\"de\"><span class=\"JLqJ4b ChMk0b\" data-language-for-alternatives=\"de\" data-language-to-translate-into=\"en\" data-phrase-index=\"0\">Mikrooptiken sind das Schl\u00fcsselelement f\u00fcr die Funktion von Hochleistungsdiodenlasern &#8211; und f\u00fcr deren Effizienz von entscheidender Bedeutung.<\/span> <span class=\"JLqJ4b ChMk0b\" data-language-for-alternatives=\"de\" data-language-to-translate-into=\"en\" data-phrase-index=\"1\">INGENERIC stellt refraktive Mikrooptiken, Strahltransformationsoptiken, Linsenarrays und Asph\u00e4ren entweder als Standardoptik oder als kundenspezifische L\u00f6sung her.<\/span> <span class=\"JLqJ4b ChMk0b\" data-language-for-alternatives=\"de\" data-language-to-translate-into=\"en\" data-phrase-index=\"2\">Das Unternehmen verwendet daf\u00fcr hochwertige Glasmaterialien, erf\u00fcllt in der Serienproduktion die h\u00f6chsten Pr\u00e4zisionsspezifikationen und fertigt nach kontinuierlich optimierten Designs.<\/span><\/span><\/p>\n<h4><strong>Brilliante Leistung in Datenkommunikationsanwendungen<\/strong><\/h4>\n<p><span class=\"VIiyi\" lang=\"de\"><span class=\"JLqJ4b ChMk0b\" data-language-for-alternatives=\"de\" data-language-to-translate-into=\"en\" data-phrase-index=\"0\">INGENERIC ist mit seinem einzigartigen Technologieprofil zu einem der f\u00fchrenden Anbieter von optischen Komponente geworden. Mit h\u00f6chster Pr\u00e4zision und Reproduzierbarkeit werden die Komponenten ausschlie\u00dflich in Deutschland entwickelt und hergestellt.<\/span> <span class=\"JLqJ4b ChMk0b\" data-language-for-alternatives=\"de\" data-language-to-translate-into=\"en\" data-phrase-index=\"1\">Die neuesten Innovationen sind Mikrolinsenarrays zur Strahlformung mit der besten optischen Leistung, die f\u00fcr die optische Daten\u00fcbertragung erforderlich ist.<\/span><\/span><br \/>\n<br class=\"\u201cclear\u201c\" \/><\/p>\n<h4><strong>Medizinische Photonik<\/strong><\/h4>\n<p><span class=\"VIiyi\" lang=\"de\"><span class=\"JLqJ4b ChMk0b\" data-language-for-alternatives=\"de\" data-language-to-translate-into=\"en\" data-phrase-index=\"0\">In der minimalinvasiven Chirurgie sind spezielle Spezifikationen wie Biokompatibilit\u00e4t erforderlich.<\/span> <span class=\"JLqJ4b ChMk0b\" data-language-for-alternatives=\"de\" data-language-to-translate-into=\"en\" data-phrase-index=\"1\">Mit L\u00f6sungskompetenz f\u00fcr anspruchsvolle Anforderungen und zuverl\u00e4ssiger Verf\u00fcgbarkeit bietet INGENERIC Mikro-Asph\u00e4ren und Freiformoptiken f\u00fcr medizinische und optische Anwendungen.<\/span> <span class=\"JLqJ4b ChMk0b\" data-language-for-alternatives=\"de\" data-language-to-translate-into=\"en\" data-phrase-index=\"2\">Selbst komplexe Mikrooptiken in der Serienproduktion k\u00f6nnen &#8211; nat\u00fcrlich in sauberer Umgebung &#8211; hergestellt werden.<\/span><\/span><\/p>\n<ul>\n<li>Unsere Philosophie<\/li>\n<li>Unsere Mission ist es, unseren Kunden die beste optische L\u00f6sung zu bieten<\/li>\n<li>Unser stetes Streben nach Innovation und Technologief\u00fchrerschaft ist f\u00fcr uns selbstverst\u00e4ndlich<\/li>\n<li>Wir glauben an eine langfristige, erfolgreiche und vertrauensvolle Partnerschaft mit unseren Kunden<\/li>\n<li>Unsere kompetenten und hoch-motivierten Mitarbeiter sind der Schl\u00fcssel f\u00fcr unseren langfristigen Erfolg<\/li>\n<li>Wir betreiben ein strenges Qualit\u00e4tsmanagement<\/li>\n<li>Wir glauben an eine nachhaltige Entwicklung durch die \u00dcbernahme unserer \u00f6konomischen, \u00f6kologischen und sozialen Verantwortung<\/li>\n<\/ul>\n<a href=\"https:\/\/www.ingeneric.com\/wp-content\/uploads\/2015\/12\/Text-Image-GanzeBreite_\u00dcberuns.jpg\"><img loading=\"lazy\" decoding=\"async\" width=\"800\" height=\"220\" class=\"alignright size-full wp-image-1673\" src=\"https:\/\/www.ingeneric.com\/wp-content\/uploads\/2015\/12\/Text-Image-GanzeBreite_\u00dcberuns.jpg\" alt=\"Text-Image-GanzeBreite_\u00dcberuns\" srcset=\"https:\/\/ingeneric.com\/wp-content\/uploads\/2015\/12\/Text-Image-GanzeBreite_\u00dcberuns.jpg 800w, https:\/\/ingeneric.com\/wp-content\/uploads\/2015\/12\/Text-Image-GanzeBreite_\u00dcberuns-250x69.jpg 250w, https:\/\/ingeneric.com\/wp-content\/uploads\/2015\/12\/Text-Image-GanzeBreite_\u00dcberuns-700x193.jpg 700w, https:\/\/ingeneric.com\/wp-content\/uploads\/2015\/12\/Text-Image-GanzeBreite_\u00dcberuns-120x33.jpg 120w\" sizes=\"auto, (max-width: 800px) 100vw, 800px\" \/><\/a>\n","protected":false},"excerpt":{"rendered":"Unternehmensprofil Die INGENERIC GmbH wurde im Jahr 2001 gegr\u00fcndet. Das Unternehmen z\u00e4hlt heute rund 100 Mitarbeiter als Schl\u00fcssel zu seinem Erfolg. Hauptsitz und Produktionsst\u00e4tte befinden sich in Baesweiler innerhalb der Hochtechnologie-Region Aachen. INGENERIC entwickelt und fertigt pr\u00e4zise Mikrooptiken und optische Systeme f\u00fcr eine Vielzahl von Anwendungen und M\u00e4rkten.F\u00fcr Kunden weltweit bietet INGENERIC dabei die Abdeckung [&hellip;]","protected":false},"author":4,"featured_media":3480,"parent":0,"menu_order":0,"comment_status":"closed","ping_status":"closed","template":"","meta":{"_acf_changed":false,"footnotes":""},"class_list":["post-1191","page","type-page","status-publish","has-post-thumbnail","hentry"],"acf":[],"_links":{"self":[{"href":"https:\/\/ingeneric.com\/de\/wp-json\/wp\/v2\/pages\/1191","targetHints":{"allow":["GET"]}}],"collection":[{"href":"https:\/\/ingeneric.com\/de\/wp-json\/wp\/v2\/pages"}],"about":[{"href":"https:\/\/ingeneric.com\/de\/wp-json\/wp\/v2\/types\/page"}],"author":[{"embeddable":true,"href":"https:\/\/ingeneric.com\/de\/wp-json\/wp\/v2\/users\/4"}],"replies":[{"embeddable":true,"href":"https:\/\/ingeneric.com\/de\/wp-json\/wp\/v2\/comments?post=1191"}],"version-history":[{"count":23,"href":"https:\/\/ingeneric.com\/de\/wp-json\/wp\/v2\/pages\/1191\/revisions"}],"predecessor-version":[{"id":6152,"href":"https:\/\/ingeneric.com\/de\/wp-json\/wp\/v2\/pages\/1191\/revisions\/6152"}],"wp:featuredmedia":[{"embeddable":true,"href":"https:\/\/ingeneric.com\/de\/wp-json\/wp\/v2\/media\/3480"}],"wp:attachment":[{"href":"https:\/\/ingeneric.com\/de\/wp-json\/wp\/v2\/media?parent=1191"}],"curies":[{"name":"wp","href":"https:\/\/api.w.org\/{rel}","templated":true}]}}